{"id":44767,"date":"2022-12-27T11:01:17","date_gmt":"2022-12-27T11:01:17","guid":{"rendered":"https:\/\/www.alltpaettkort.com\/produkt\/the-phantom-the-card-game-deluxe-edition\/"},"modified":"2025-06-30T19:40:06","modified_gmt":"2025-06-30T19:40:06","slug":"the-phantom-the-card-game-deluxe-edition","status":"publish","type":"product","link":"https:\/\/www.alltpaettkort.com\/en\/product\/the-phantom-the-card-game-deluxe-edition\/","title":{"rendered":"The Phantom: The Card Game (Deluxe Edition)"},"content":{"rendered":"<p><em><strong>The Phantom the Card Game<\/strong><\/em> is an adventure game. You play alone or with a friend. You are in the world of The Phantom and can seek help from allies, using weapons and actions to support you. Players experience exciting adventures by using cunning to overcome problems and defeat enemies.<\/p>\n<p>Each round, players face a new problem that needs to be taken care of, but with limited resources and plays it is important to make good decisions to overcome short term obstacles, achieve the long term goal and at the same time evolve your supply of actions, items and allies. Any enemies that are not dealt with will injure you, making it hard to come back to full speed.<\/p>\n<p>The game includes 3 adventures that can be played in 4 different difficulties.<br \/>\nStory of Devil:<br \/>\nFollow the footsteps of the Phantom and experience how he met and bonded with his trusted wolf Devil. Based on Team Fantomen\u2019s 1979 publication The Story of Devil, written by Donne Avenell and drawn by Georges Bess.<br \/>\nDiana in the Jungle Patrol:<br \/>\nTake part in the story about how Diana became an esteemed jungle patrol officer. Based on the classic story from 1973 by Magnus Knutsson and Jaime Vallv\u00e9.<br \/>\nYear One:<br \/>\nJump into the story year one the 21st Phantom\u2019s first adventure after taking the role as the Phantom. Based on the 2004 story created by Claes Reimerthi and Paul Ryan.<\/p>\n<p><strong>F\u00f6r 1-2 spelare<\/strong><br \/>\n<strong>20-45 min speltid<\/strong><br \/>\n<strong>Rekommenderad \u00e5lder: 14 <\/strong><br \/>\n<a href=\"https:\/\/boardgamegeek.com\/boardgame\/277469\/phantom-card-game\"><strong>L\u00e4s mer p\u00e5 Boardgamegeek<\/strong><\/a><\/p>","protected":false},"excerpt":{"rendered":"<p>Ett hell\u00e4ckert svenskutvecklat kortspel om den vandrande v\u00e5lnaden som gjorde succ\u00e9 p\u00e5 Kickstarter! Det h\u00e4r \u00e4r den lite extra lyxiga Deluxe-utg\u00e5van som inneh\u00e5ller en stenh\u00e5rd\u00a0d\u00f6dskalletron\u00a0och extra alternative art-kort!<\/p>","protected":false},"featured_media":44768,"template":"","meta":[],"product_brand":[],"product_cat":[34,63],"product_tag":[551],"class_list":{"0":"post-44767","1":"product","2":"type-product","3":"status-publish","4":"has-post-thumbnail","6":"product_cat-aventyrsspel","7":"product_cat-kortspel","8":"product_tag-games-by-lyck","10":"first","11":"instock","12":"featured","13":"taxable","14":"shipping-taxable","15":"purchasable","16":"product-type-simple"},"_links":{"self":[{"href":"https:\/\/www.alltpaettkort.com\/en\/wp-json\/wp\/v2\/product\/44767","targetHints":{"allow":["GET"]}}],"collection":[{"href":"https:\/\/www.alltpaettkort.com\/en\/wp-json\/wp\/v2\/product"}],"about":[{"href":"https:\/\/www.alltpaettkort.com\/en\/wp-json\/wp\/v2\/types\/product"}],"wp:featuredmedia":[{"embeddable":true,"href":"https:\/\/www.alltpaettkort.com\/en\/wp-json\/wp\/v2\/media\/44768"}],"wp:attachment":[{"href":"https:\/\/www.alltpaettkort.com\/en\/wp-json\/wp\/v2\/media?parent=44767"}],"wp:term":[{"taxonomy":"product_brand","embeddable":true,"href":"https:\/\/www.alltpaettkort.com\/en\/wp-json\/wp\/v2\/product_brand?post=44767"},{"taxonomy":"product_cat","embeddable":true,"href":"https:\/\/www.alltpaettkort.com\/en\/wp-json\/wp\/v2\/product_cat?post=44767"},{"taxonomy":"product_tag","embeddable":true,"href":"https:\/\/www.alltpaettkort.com\/en\/wp-json\/wp\/v2\/product_tag?post=44767"}],"curies":[{"name":"wp","href":"https:\/\/api.w.org\/{rel}","templated":true}]}}