{"id":44868,"date":"2021-11-26T11:18:55","date_gmt":"2021-11-26T11:18:55","guid":{"rendered":"https:\/\/www.alltpaettkort.com\/produkt\/varulv\/"},"modified":"2022-01-13T08:40:19","modified_gmt":"2022-01-13T08:40:19","slug":"varulv","status":"publish","type":"product","link":"https:\/\/www.alltpaettkort.com\/en\/product\/varulv\/","title":{"rendered":"Varulv"},"content":{"rendered":"<p class=\"MuiTypography-root MuiTypography-body1\">Varulv \u00e4r ett klassiskt, st\u00e4mningsfullt s\u00e4llskapsspel d\u00e4r spelarna \u00e4r indelade i tv\u00e5 lag: de goda (asg\u00e5rdsbor samt asagudar) och de onda (varulvar). Ingen vet vilka som \u00e4r vilka. Spelet utg\u00f6rs av flera rundor med de tv\u00e5 faserna natt och dag. P\u00e5 natten blundar alla spelare utom varulvarna, som tyst v\u00e4ljer ut ett offer. P\u00e5 dagen f\u00e5r spelarna prata och peka ut varandra. De som blir misst\u00e4nkta som varulvar f\u00e5r f\u00f6rsvara sig. Varje dag leder till en omr\u00f6stning om vem som ska lynchas.<\/p>\n<p class=\"MuiTypography-root MuiTypography-body1\">Mellan de tv\u00e5 sidorna st\u00e5r skalden som b\u00e5de \u00e4r spelledare och ber\u00e4ttare. Det \u00e4r upp till skalden att styra spelets g\u00e5ng och h\u00e5lla koll p\u00e5 reglerna. Det unika med Varulv \u00e4r att det bara \u00e4r skalden som m\u00e5ste kunna reglerna. \u00d6vriga spelare kan allts\u00e5 k\u00f6ra ig\u00e5ng direkt.<\/p>\n<p class=\"MuiTypography-root MuiTypography-body1\">Ragnar\u00f6k intr\u00e4ffar om det vid n\u00e5got tillf\u00e4lle finns lika m\u00e5nga varulvar som asar. Ragnar\u00f6k f\u00f6rhindras om asarna lyckas avr\u00e4tta alla varulvar innan det \u00e4r f\u00f6r sent.<\/p>\n<p><strong>F\u00f6r 6-32 spelare<\/strong><br \/>\n<strong>30-90 min speltid<\/strong><br \/>\n<strong>Rekommenderad \u00e5lder: 10 <\/strong><\/p>","protected":false},"excerpt":{"rendered":"<p>Det klassiska spelet Werewolf i ny stilig nordisk utg\u00e5va inspirerad av nordisk mytologi!<\/p>","protected":false},"featured_media":44869,"template":"","meta":[],"product_brand":[],"product_cat":[38,30],"product_tag":[512,97],"class_list":{"0":"post-44868","1":"product","2":"type-product","3":"status-publish","4":"has-post-thumbnail","6":"product_cat-partyspel","7":"product_cat-sallskapsspel","8":"product_tag-festspeltips","9":"product_tag-lautapelit","11":"first","12":"instock","13":"taxable","14":"shipping-taxable","15":"purchasable","16":"product-type-simple"},"_links":{"self":[{"href":"https:\/\/www.alltpaettkort.com\/en\/wp-json\/wp\/v2\/product\/44868","targetHints":{"allow":["GET"]}}],"collection":[{"href":"https:\/\/www.alltpaettkort.com\/en\/wp-json\/wp\/v2\/product"}],"about":[{"href":"https:\/\/www.alltpaettkort.com\/en\/wp-json\/wp\/v2\/types\/product"}],"wp:featuredmedia":[{"embeddable":true,"href":"https:\/\/www.alltpaettkort.com\/en\/wp-json\/wp\/v2\/media\/44869"}],"wp:attachment":[{"href":"https:\/\/www.alltpaettkort.com\/en\/wp-json\/wp\/v2\/media?parent=44868"}],"wp:term":[{"taxonomy":"product_brand","embeddable":true,"href":"https:\/\/www.alltpaettkort.com\/en\/wp-json\/wp\/v2\/product_brand?post=44868"},{"taxonomy":"product_cat","embeddable":true,"href":"https:\/\/www.alltpaettkort.com\/en\/wp-json\/wp\/v2\/product_cat?post=44868"},{"taxonomy":"product_tag","embeddable":true,"href":"https:\/\/www.alltpaettkort.com\/en\/wp-json\/wp\/v2\/product_tag?post=44868"}],"curies":[{"name":"wp","href":"https:\/\/api.w.org\/{rel}","templated":true}]}}