{"id":45229,"date":"2022-04-16T16:54:00","date_gmt":"2022-04-16T16:54:00","guid":{"rendered":"https:\/\/www.alltpaettkort.com\/?post_type=product&#038;p=45229"},"modified":"2022-11-12T20:03:34","modified_gmt":"2022-11-12T20:03:34","slug":"golem","status":"publish","type":"product","link":"https:\/\/www.alltpaettkort.com\/en\/product\/golem\/","title":{"rendered":"Golem"},"content":{"rendered":"<div class=\"mb-3\">\n<p>It is Prague, 1584. In the dark attic of the Synagogue, Rabbi Loew walks nervously. Piles of books on a desk, gold melting in the cauldron, and a mass of clay shaped into human form. \u201cNow the last step,\u201d exclaims the Rabbi, \u201cbecause only with a true word will you come to life!\u201d As the word \u201cTruth\u201d is engraved on the clay giant\u2019s forehead and the word \u201cGod\u201d is put into its mouth, a great silence descends upon the room. The eyes open, illuminated by a sinister light, and stare at the Rabbi\u2019s gaze, waiting for its first order.<br \/>\nThe legend of the Golem is one of the most fascinating stories in the world and has its roots in the Jewish tradition. In Golem, this story inspires a strategic and complex game in which players take on the role of scholars focused on recreating the famous clay automas.<br \/>\nUse your knowledge (represented by the first letter of the Hebrew alphabet \u201cAleph\u201d) to study traditional books, collect gold and melt it down to create powerful artifacts, bring tireless Golems to life and send them to the city to do important jobs. You will need to maintain control of your Golems by using your students and spending the knowledge you have gained. You can also choose to kill your Golems to avoid paying for their maintenance.<\/p>\n<p><strong>F\u00f6r 1-4 spelare<\/strong><br \/>\n<strong>90-120 min speltid<\/strong><br \/>\n<strong>Rekommenderad \u00e5lder: 14+<\/strong><br \/>\n<a href=\"https:\/\/boardgamegeek.com\/boardgame\/298383\/golem\"><strong>L\u00e4s mer p\u00e5 Boardgamegeek<\/strong><\/a><\/p>\n<p>&nbsp;<\/p>\n<\/div>\n<div class=\"col-sm-100 mb-3\">\n<p>&nbsp;<\/p>\n<\/div>","protected":false},"excerpt":{"rendered":"<p>Unikt och lovordat eurospel om att v\u00e4cka liv och ta hj\u00e4lp av m\u00e4ktiga Golems!<\/p>","protected":false},"featured_media":46001,"template":"","meta":[],"product_brand":[],"product_cat":[29,17],"product_tag":[449],"class_list":{"0":"post-45229","1":"product","2":"type-product","3":"status-publish","4":"has-post-thumbnail","6":"product_cat-eurospel","7":"product_cat-strategispel","8":"product_tag-cranio-creatios","10":"first","11":"outofstock","12":"taxable","13":"shipping-taxable","14":"purchasable","15":"product-type-simple"},"_links":{"self":[{"href":"https:\/\/www.alltpaettkort.com\/en\/wp-json\/wp\/v2\/product\/45229","targetHints":{"allow":["GET"]}}],"collection":[{"href":"https:\/\/www.alltpaettkort.com\/en\/wp-json\/wp\/v2\/product"}],"about":[{"href":"https:\/\/www.alltpaettkort.com\/en\/wp-json\/wp\/v2\/types\/product"}],"wp:featuredmedia":[{"embeddable":true,"href":"https:\/\/www.alltpaettkort.com\/en\/wp-json\/wp\/v2\/media\/46001"}],"wp:attachment":[{"href":"https:\/\/www.alltpaettkort.com\/en\/wp-json\/wp\/v2\/media?parent=45229"}],"wp:term":[{"taxonomy":"product_brand","embeddable":true,"href":"https:\/\/www.alltpaettkort.com\/en\/wp-json\/wp\/v2\/product_brand?post=45229"},{"taxonomy":"product_cat","embeddable":true,"href":"https:\/\/www.alltpaettkort.com\/en\/wp-json\/wp\/v2\/product_cat?post=45229"},{"taxonomy":"product_tag","embeddable":true,"href":"https:\/\/www.alltpaettkort.com\/en\/wp-json\/wp\/v2\/product_tag?post=45229"}],"curies":[{"name":"wp","href":"https:\/\/api.w.org\/{rel}","templated":true}]}}