{"id":45611,"date":"2022-01-01T07:21:09","date_gmt":"2022-01-01T07:21:09","guid":{"rendered":"https:\/\/www.alltpaettkort.com\/?post_type=product&#038;p=45611"},"modified":"2024-11-06T08:56:00","modified_gmt":"2024-11-06T08:56:00","slug":"betwixt-and-between","status":"publish","type":"product","link":"https:\/\/www.alltpaettkort.com\/en\/product\/betwixt-and-between\/","title":{"rendered":"Betwixt and Between"},"content":{"rendered":"<p><em><strong>Betwixt &amp; Between<\/strong><\/em> is a strategic adventure board game for 1-4 players, mixing eerie European folklore with magical creativity and euro-inspired mechanics. Includes a limited edition Bag for the Magic Gems!<\/p>\n<p>Full language support for English, French and German!<\/p>\n<p><strong>F\u00f6r 1-4 spelare<\/strong><br \/>\n<strong>90-120 min speltid<\/strong><br \/>\n<strong>Rekommenderad \u00e5lder: 14+<\/strong><br \/>\n<a href=\"https:\/\/boardgamegeek.com\/boardgame\/270913\/betwixt-and-between\"><strong>L\u00e4s mer p\u00e5 Boardgamegeek<\/strong><\/a><\/p>","protected":false},"excerpt":{"rendered":"<p>En euro-inspirerat \u00e4ventyrsspel baserat p\u00e5 europeisk folktro och mytologi! Forma v\u00e4rlden tillsammans genom att fylla den med v\u00e4sen, platser och magi, samtidigt som du leder din mystiker genom landskapet f\u00f6r att absorbera magi till besv\u00e4rjelser och ritualer!<\/p>","protected":false},"featured_media":46044,"template":"","meta":[],"product_brand":[],"product_cat":[34,29,17],"product_tag":[489,614],"class_list":{"0":"post-45611","1":"product","2":"type-product","3":"status-publish","4":"has-post-thumbnail","6":"product_cat-aventyrsspel","7":"product_cat-eurospel","8":"product_cat-strategispel","9":"product_tag-all-or-none-games","10":"product_tag-betwixt-and-between","12":"first","13":"instock","14":"featured","15":"taxable","16":"shipping-taxable","17":"purchasable","18":"product-type-simple"},"_links":{"self":[{"href":"https:\/\/www.alltpaettkort.com\/en\/wp-json\/wp\/v2\/product\/45611","targetHints":{"allow":["GET"]}}],"collection":[{"href":"https:\/\/www.alltpaettkort.com\/en\/wp-json\/wp\/v2\/product"}],"about":[{"href":"https:\/\/www.alltpaettkort.com\/en\/wp-json\/wp\/v2\/types\/product"}],"wp:featuredmedia":[{"embeddable":true,"href":"https:\/\/www.alltpaettkort.com\/en\/wp-json\/wp\/v2\/media\/46044"}],"wp:attachment":[{"href":"https:\/\/www.alltpaettkort.com\/en\/wp-json\/wp\/v2\/media?parent=45611"}],"wp:term":[{"taxonomy":"product_brand","embeddable":true,"href":"https:\/\/www.alltpaettkort.com\/en\/wp-json\/wp\/v2\/product_brand?post=45611"},{"taxonomy":"product_cat","embeddable":true,"href":"https:\/\/www.alltpaettkort.com\/en\/wp-json\/wp\/v2\/product_cat?post=45611"},{"taxonomy":"product_tag","embeddable":true,"href":"https:\/\/www.alltpaettkort.com\/en\/wp-json\/wp\/v2\/product_tag?post=45611"}],"curies":[{"name":"wp","href":"https:\/\/api.w.org\/{rel}","templated":true}]}}