{"id":46024,"date":"2022-03-25T11:56:32","date_gmt":"2022-03-25T11:56:32","guid":{"rendered":"https:\/\/www.alltpaettkort.com\/?post_type=product&#038;p=46024"},"modified":"2024-08-03T15:56:28","modified_gmt":"2024-08-03T15:56:28","slug":"imperium-legends","status":"publish","type":"product","link":"https:\/\/www.alltpaettkort.com\/en\/product\/imperium-legends\/","title":{"rendered":"Imperium: Legends"},"content":{"rendered":"<p>Formidable adversaries are arrayed against you. Your people stand ready. History beckons.<\/p>\n<p>In your hands lies the destiny of one of history&#8217;s great civilizations. Under constant threat of attack, you must conquer new lands, oversee dramatic scientific and cultural advances, and lead your people into the era of empire. Expand too rapidly, and unrest will bring your civilization to its knees; build up too slowly, however, and you might find yourself a mere footnote of history. As one of eight radically asymmetric civilizations, you will compete to become the most dominant empire the world has ever seen.<\/p>\n<p><em><strong>Imperium: Legends<\/strong><\/em> is a standalone game that contains the Arthurian, Atlantian, Egyptian, Mauryan, Minoan, Olmec, Qin, and Utopian civilizations and an individual solo opponent behaving as each nation. It is also fully compatible with <em>Imperium: Classics<\/em> for players wanting to expand their pool of civilizations even further.<\/p>\n<p><strong>F\u00f6r 1-4 spelare<\/strong><br \/>\n<strong>60-120 min speltid<\/strong><br \/>\n<strong>Rekommenderad \u00e5lder: 14+<\/strong><br \/>\n<a href=\"https:\/\/boardgamegeek.com\/boardgame\/318182\/imperium-legends\"><strong>L\u00e4s mer p\u00e5 Boardgamegeek<\/strong><\/a><\/p>","protected":false},"excerpt":{"rendered":"<p>Bli det m\u00e4ktigaste riket av dem alla! Imperium: Legends \u00e4r helt frist\u00e5ende spel som tar ut sv\u00e4ngarna men som \u00e4ven g\u00e5r att kombinera med Imperium: Classics.<\/p>","protected":false},"featured_media":46025,"template":"","meta":[],"product_brand":[],"product_cat":[17],"product_tag":[458],"class_list":{"0":"post-46024","1":"product","2":"type-product","3":"status-publish","4":"has-post-thumbnail","6":"product_cat-strategispel","7":"product_tag-osprey-games","9":"first","10":"outofstock","11":"taxable","12":"shipping-taxable","13":"purchasable","14":"product-type-simple"},"_links":{"self":[{"href":"https:\/\/www.alltpaettkort.com\/en\/wp-json\/wp\/v2\/product\/46024","targetHints":{"allow":["GET"]}}],"collection":[{"href":"https:\/\/www.alltpaettkort.com\/en\/wp-json\/wp\/v2\/product"}],"about":[{"href":"https:\/\/www.alltpaettkort.com\/en\/wp-json\/wp\/v2\/types\/product"}],"wp:featuredmedia":[{"embeddable":true,"href":"https:\/\/www.alltpaettkort.com\/en\/wp-json\/wp\/v2\/media\/46025"}],"wp:attachment":[{"href":"https:\/\/www.alltpaettkort.com\/en\/wp-json\/wp\/v2\/media?parent=46024"}],"wp:term":[{"taxonomy":"product_brand","embeddable":true,"href":"https:\/\/www.alltpaettkort.com\/en\/wp-json\/wp\/v2\/product_brand?post=46024"},{"taxonomy":"product_cat","embeddable":true,"href":"https:\/\/www.alltpaettkort.com\/en\/wp-json\/wp\/v2\/product_cat?post=46024"},{"taxonomy":"product_tag","embeddable":true,"href":"https:\/\/www.alltpaettkort.com\/en\/wp-json\/wp\/v2\/product_tag?post=46024"}],"curies":[{"name":"wp","href":"https:\/\/api.w.org\/{rel}","templated":true}]}}