{"id":46045,"date":"2021-12-20T15:55:59","date_gmt":"2021-12-20T15:55:59","guid":{"rendered":"https:\/\/www.alltpaettkort.com\/?post_type=product&#038;p=46045"},"modified":"2024-11-06T08:57:00","modified_gmt":"2024-11-06T08:57:00","slug":"betwixt-and-between-dual-layered-mystic-boards","status":"publish","type":"product","link":"https:\/\/www.alltpaettkort.com\/en\/product\/betwixt-and-between-dual-layered-mystic-boards\/","title":{"rendered":"Betwixt and Between: Dual-Layered Mystic Boards"},"content":{"rendered":"<p>4 x dual-layered high quality full sized Mystic Boards to replace the Mystic Sheets in the game!<\/p>","protected":false},"excerpt":{"rendered":"<p>Lyxiga dual-layered br\u00e4den med linen finish till Betwixt and Between f\u00f6r att h\u00e5lla all magi p\u00e5 plats!<\/p>","protected":false},"featured_media":46047,"template":"","meta":[],"product_brand":[],"product_cat":[103],"product_tag":[489,614],"class_list":{"0":"post-46045","1":"product","2":"type-product","3":"status-publish","4":"has-post-thumbnail","6":"product_cat-tillbehor","7":"product_tag-all-or-none-games","8":"product_tag-betwixt-and-between","10":"first","11":"instock","12":"taxable","13":"shipping-taxable","14":"purchasable","15":"product-type-simple"},"_links":{"self":[{"href":"https:\/\/www.alltpaettkort.com\/en\/wp-json\/wp\/v2\/product\/46045","targetHints":{"allow":["GET"]}}],"collection":[{"href":"https:\/\/www.alltpaettkort.com\/en\/wp-json\/wp\/v2\/product"}],"about":[{"href":"https:\/\/www.alltpaettkort.com\/en\/wp-json\/wp\/v2\/types\/product"}],"wp:featuredmedia":[{"embeddable":true,"href":"https:\/\/www.alltpaettkort.com\/en\/wp-json\/wp\/v2\/media\/46047"}],"wp:attachment":[{"href":"https:\/\/www.alltpaettkort.com\/en\/wp-json\/wp\/v2\/media?parent=46045"}],"wp:term":[{"taxonomy":"product_brand","embeddable":true,"href":"https:\/\/www.alltpaettkort.com\/en\/wp-json\/wp\/v2\/product_brand?post=46045"},{"taxonomy":"product_cat","embeddable":true,"href":"https:\/\/www.alltpaettkort.com\/en\/wp-json\/wp\/v2\/product_cat?post=46045"},{"taxonomy":"product_tag","embeddable":true,"href":"https:\/\/www.alltpaettkort.com\/en\/wp-json\/wp\/v2\/product_tag?post=46045"}],"curies":[{"name":"wp","href":"https:\/\/api.w.org\/{rel}","templated":true}]}}