{"id":46059,"date":"2022-03-30T07:41:29","date_gmt":"2022-03-30T07:41:29","guid":{"rendered":"https:\/\/www.alltpaettkort.com\/?post_type=product&#038;p=46059"},"modified":"2023-11-24T02:33:24","modified_gmt":"2023-11-24T02:33:24","slug":"arkham-horror-the-card-game-the-dunwich-legacy-investigator-expansion","status":"publish","type":"product","link":"https:\/\/www.alltpaettkort.com\/en\/product\/arkham-horror-the-card-game-the-dunwich-legacy-investigator-expansion\/","title":{"rendered":"Arkham Horror: The Card Game \u2013 The Dunwich Legacy: Investigator Expansion"},"content":{"rendered":"<p class=\"caption\">A monstrous presence once terrorized the secluded village of Dunwich. The season of horror ended only after three professors from Miskatonic University\u2014Dr. Henry Armitage, Dr. Francis Morgan, and Professor Warren Price\u2014ventured to Dunwich, armed with secret knowledge that enabled them to defeat the creature. Now, several months later, Dr. Armitage\u2019s colleagues have gone missing, and he fears the worst\u2026<\/p>\n<p>Return to the very first cycle of content for\u00a0<em>Arkham Horror LCG<\/em>\u00a0with\u00a0<em>The Dunwich Legacy Investigator Expansion<\/em>. Similar to the previously-announced\u00a0<em>Edge of the Earth<\/em>\u00a0expansions, all player cards for this cycle can be found within the\u00a0<em>Investigator Expansion.<\/em><\/p>\n<p><strong>Note:<\/strong>\u00a0Any longtime fans of\u00a0<em>Arkham Horror: The Card Game<\/em>\u00a0who already own everything from the original\u00a0<em>The Dunwich Legacy<\/em>\u00a0cycle will not find any new cards or content within this expansion.<\/p>\n<p><strong>Not a standalone product. A copy of the\u00a0<em>Arkham Horror: The Card Game<\/em>\u00a0core set is required to play.<\/strong><\/p>","protected":false},"excerpt":{"rendered":"<p>Alla Investigator-kort fr\u00e5n the Dunwich Legacy-cykeln samlade i en stor h\u00e4rlig l\u00e5da! Perfekt f\u00f6r alla som ledsnat p\u00e5 att jaga de gamla packen.<\/p>","protected":false},"featured_media":46060,"template":"","meta":[],"product_brand":[],"product_cat":[63],"product_tag":[18,404],"class_list":{"0":"post-46059","1":"product","2":"type-product","3":"status-publish","4":"has-post-thumbnail","6":"product_cat-kortspel","7":"product_tag-fantasy-flight-games","8":"product_tag-the-dunwich-legacy-cycle","10":"first","11":"outofstock","12":"taxable","13":"shipping-taxable","14":"purchasable","15":"product-type-simple"},"_links":{"self":[{"href":"https:\/\/www.alltpaettkort.com\/en\/wp-json\/wp\/v2\/product\/46059","targetHints":{"allow":["GET"]}}],"collection":[{"href":"https:\/\/www.alltpaettkort.com\/en\/wp-json\/wp\/v2\/product"}],"about":[{"href":"https:\/\/www.alltpaettkort.com\/en\/wp-json\/wp\/v2\/types\/product"}],"wp:featuredmedia":[{"embeddable":true,"href":"https:\/\/www.alltpaettkort.com\/en\/wp-json\/wp\/v2\/media\/46060"}],"wp:attachment":[{"href":"https:\/\/www.alltpaettkort.com\/en\/wp-json\/wp\/v2\/media?parent=46059"}],"wp:term":[{"taxonomy":"product_brand","embeddable":true,"href":"https:\/\/www.alltpaettkort.com\/en\/wp-json\/wp\/v2\/product_brand?post=46059"},{"taxonomy":"product_cat","embeddable":true,"href":"https:\/\/www.alltpaettkort.com\/en\/wp-json\/wp\/v2\/product_cat?post=46059"},{"taxonomy":"product_tag","embeddable":true,"href":"https:\/\/www.alltpaettkort.com\/en\/wp-json\/wp\/v2\/product_tag?post=46059"}],"curies":[{"name":"wp","href":"https:\/\/api.w.org\/{rel}","templated":true}]}}