{"id":46137,"date":"2022-05-25T08:16:50","date_gmt":"2022-05-25T08:16:50","guid":{"rendered":"https:\/\/www.alltpaettkort.com\/?post_type=product&#038;p=46137"},"modified":"2024-11-15T23:05:23","modified_gmt":"2024-11-15T23:05:23","slug":"rolling-realms","status":"publish","type":"product","link":"https:\/\/www.alltpaettkort.com\/en\/product\/rolling-realms\/","title":{"rendered":"Rolling Realms"},"content":{"rendered":"<p>In the early days of the coronavirus, a time of self-isolation for many people, Jamey decided to create an infinitely scaling roll-and-write game to teach and play with people around the world via Facebook Live.<\/p>\n<p>In Rolling Realms, players compete to earn the most stars in a series of minigames over 3 rounds. This is a roll-and-write game, meaning that players will write on the game components using dry-erase markers.<\/p>\n<p>Each turn, one player rolls 2 dice, and all players use the dice results on their realm cards to generate resources and earn stars. After 3 rounds, the player with the most stars wins!<\/p>\n<p><strong>F\u00f6r 1-6 spelare<\/strong><br \/>\n<strong>30 min speltid<\/strong><br \/>\n<strong>Rekommenderad \u00e5lder: 14+<\/strong><br \/>\n<a href=\"https:\/\/boardgamegeek.com\/boardgame\/305682\/rolling-realms\"><strong>L\u00e4s mer p\u00e5 Boardgamegeek<\/strong><\/a><\/p>","protected":false},"excerpt":{"rendered":"<p>Riktigt fiffigt roll &amp; write-spell baserat p\u00e5 Stonemaiers f\u00f6rtr\u00e4ffliga katalog!<\/p>","protected":false},"featured_media":46138,"template":"","meta":[],"product_brand":[],"product_cat":[31,112,30,39],"product_tag":[519,263],"class_list":{"0":"post-46137","1":"product","2":"type-product","3":"status-publish","4":"has-post-thumbnail","6":"product_cat-familjespel","7":"product_cat-rea","8":"product_cat-sallskapsspel","9":"product_cat-tarningsspel","10":"product_tag-gebortspeltips","11":"product_tag-stonemaier-games","13":"first","14":"instock","15":"sale","16":"taxable","17":"shipping-taxable","18":"purchasable","19":"product-type-simple"},"_links":{"self":[{"href":"https:\/\/www.alltpaettkort.com\/en\/wp-json\/wp\/v2\/product\/46137","targetHints":{"allow":["GET"]}}],"collection":[{"href":"https:\/\/www.alltpaettkort.com\/en\/wp-json\/wp\/v2\/product"}],"about":[{"href":"https:\/\/www.alltpaettkort.com\/en\/wp-json\/wp\/v2\/types\/product"}],"wp:featuredmedia":[{"embeddable":true,"href":"https:\/\/www.alltpaettkort.com\/en\/wp-json\/wp\/v2\/media\/46138"}],"wp:attachment":[{"href":"https:\/\/www.alltpaettkort.com\/en\/wp-json\/wp\/v2\/media?parent=46137"}],"wp:term":[{"taxonomy":"product_brand","embeddable":true,"href":"https:\/\/www.alltpaettkort.com\/en\/wp-json\/wp\/v2\/product_brand?post=46137"},{"taxonomy":"product_cat","embeddable":true,"href":"https:\/\/www.alltpaettkort.com\/en\/wp-json\/wp\/v2\/product_cat?post=46137"},{"taxonomy":"product_tag","embeddable":true,"href":"https:\/\/www.alltpaettkort.com\/en\/wp-json\/wp\/v2\/product_tag?post=46137"}],"curies":[{"name":"wp","href":"https:\/\/api.w.org\/{rel}","templated":true}]}}