{"id":46139,"date":"2022-03-25T08:34:18","date_gmt":"2022-03-25T08:34:18","guid":{"rendered":"https:\/\/www.alltpaettkort.com\/?post_type=product&#038;p=46139"},"modified":"2022-12-17T15:08:14","modified_gmt":"2022-12-17T15:08:14","slug":"arkham-horror-the-card-game-revised-core-set","status":"publish","type":"product","link":"https:\/\/www.alltpaettkort.com\/en\/product\/arkham-horror-the-card-game-revised-core-set\/","title":{"rendered":"Arkham Horror: The Card Game (Revised Core Set)"},"content":{"rendered":"<p>The boundaries between worlds have drawn perilously thin. Dark forces work in the shadows and call upon unspeakable horrors, strange happenings are discovered all throughout the city of Arkham, Massachusetts, and behind it all an Ancient One manipulates everything from beyond the veil. It is time to revisit that which started it all\u2026<\/p>\n<p>With a revamped system of organization and a number of quality-of-life improvements, this new version of the beloved LCG\u2019s core set is the perfect way for someone to dive into the game. The box comes with everything you need to get your\u00a0<em>Arkham<\/em>\u00a0campaigns started, including enough cards and components for up to three other players to join you in your quest against the Mythos. There is a reason why\u00a0<em>Arkham Horror: The Card Game<\/em>\u00a0has captivated players for almost five whole years!<\/p>\n<p><strong>F\u00f6r 1-4 spelare<\/strong><br \/>\n<strong>60-120 min speltid<\/strong><br \/>\n<strong>Rekommenderad \u00e5lder: 14<\/strong><strong><a href=\"http:\/\/cmon.com\/wp-content\/uploads\/2015\/02\/BR-Rulebook-Preview.pdf\" target=\"_blank\" rel=\"noopener noreferrer\"><br \/>\n<\/a><a href=\"https:\/\/boardgamegeek.com\/boardgame\/205637\/arkham-horror-card-game\" target=\"_blank\" rel=\"noopener noreferrer\">L\u00e4s mer p\u00e5 Boardgamegeek<\/a><\/strong><\/p>","protected":false},"excerpt":{"rendered":"<p>Ett levande samarbets-korspel fr\u00e5n Fantasy Flight Games som fullkomligen dryper av st\u00e4mningsfulla rysligheter och blandar in sp\u00e4nnande rollspelselement! Det h\u00e4r \u00e4r det reviderade utg\u00e5van som inneh\u00e5ller extra kort med st\u00f6d f\u00f6r upp till 4 spelare.<\/p>","protected":false},"featured_media":46140,"template":"","meta":[],"product_brand":[],"product_cat":[16,34,63],"product_tag":[388,18],"class_list":{"0":"post-46139","1":"product","2":"type-product","3":"status-publish","4":"has-post-thumbnail","6":"product_cat-ameritrash","7":"product_cat-aventyrsspel","8":"product_cat-kortspel","9":"product_tag-arkham-horror-the-card-game","10":"product_tag-fantasy-flight-games","12":"first","13":"outofstock","14":"taxable","15":"shipping-taxable","16":"purchasable","17":"product-type-simple"},"_links":{"self":[{"href":"https:\/\/www.alltpaettkort.com\/en\/wp-json\/wp\/v2\/product\/46139","targetHints":{"allow":["GET"]}}],"collection":[{"href":"https:\/\/www.alltpaettkort.com\/en\/wp-json\/wp\/v2\/product"}],"about":[{"href":"https:\/\/www.alltpaettkort.com\/en\/wp-json\/wp\/v2\/types\/product"}],"wp:featuredmedia":[{"embeddable":true,"href":"https:\/\/www.alltpaettkort.com\/en\/wp-json\/wp\/v2\/media\/46140"}],"wp:attachment":[{"href":"https:\/\/www.alltpaettkort.com\/en\/wp-json\/wp\/v2\/media?parent=46139"}],"wp:term":[{"taxonomy":"product_brand","embeddable":true,"href":"https:\/\/www.alltpaettkort.com\/en\/wp-json\/wp\/v2\/product_brand?post=46139"},{"taxonomy":"product_cat","embeddable":true,"href":"https:\/\/www.alltpaettkort.com\/en\/wp-json\/wp\/v2\/product_cat?post=46139"},{"taxonomy":"product_tag","embeddable":true,"href":"https:\/\/www.alltpaettkort.com\/en\/wp-json\/wp\/v2\/product_tag?post=46139"}],"curies":[{"name":"wp","href":"https:\/\/api.w.org\/{rel}","templated":true}]}}