{"id":46149,"date":"2022-11-01T14:30:45","date_gmt":"2022-11-01T14:30:45","guid":{"rendered":"https:\/\/www.alltpaettkort.com\/?post_type=product&#038;p=46149"},"modified":"2025-01-12T10:56:15","modified_gmt":"2025-01-12T10:56:15","slug":"exit-the-game-the-lord-of-the-rings-shadows-over-middle-earth","status":"publish","type":"product","link":"https:\/\/www.alltpaettkort.com\/en\/product\/exit-the-game-the-lord-of-the-rings-shadows-over-middle-earth\/","title":{"rendered":"Exit: The Game \u2013 The Lord of the Rings \u2013 Shadows over Middle-earth"},"content":{"rendered":"<p>Hurry up, hobbits, because a threat grows in the land of Mordor where the shadows loom. Frodo and his companions have set out to save Middle-earth, and the fate of the free world is now in their hands \u2014 and in the hands of the players because the companions need help!<\/p>\n<p>In <em><strong>Exit: The Game \u2013 The Lord of the Rings \u2013 Shadows over Middle-earth<\/strong><\/em>, the mighty wizard Gandalf has sent the players on a crucial mission, so they must embark on an adventure and fulfill his assignments for otherwise all hope dies. Together players visit the locations from J.R.R. Tolkien&#8217;s &#8221;The Lord of the Rings&#8221;, solve tricky magic puzzles, and support the companions against Nazgul, orcs, and other dark figures.<\/p>\n<p>Difficulty level: 2 of 5<\/p>\n<p><strong>F\u00f6r 1-4 spelare<br \/>\n<\/strong><strong>45-90 min speltid<br \/>\n<\/strong><strong>Rekommenderad \u00e5lder: 10 <\/strong><br \/>\n<strong><a href=\"https:\/\/boardgamegeek.com\/boardgame\/341573\/exit-game-lord-rings-shadows-over-middle-earth\" target=\"_blank\" rel=\"noopener noreferrer\">L\u00e4s mer p\u00e5 Boardgamegeek<\/a><\/strong><\/p>","protected":false},"excerpt":{"rendered":"<div class=\"page\" title=\"Page 1\">\n<div class=\"layoutArea\">\n<div class=\"column\">\n<p>Ett nytt sp\u00e4nnande Exit-spel baserat p\u00e5 v\u00e4rldens mest \u00e4lskade fantasy-bok! En frist\u00e5ende del i Exit-serien som har gjort stor succ\u00e9 med sina kniviga \u00e4ventyr fyllda med \u00f6verraskningar, pussel och utmaningar!<\/p>\n<\/div>\n<\/div>\n<\/div>","protected":false},"featured_media":46150,"template":"","meta":[],"product_brand":[],"product_cat":[34,30],"product_tag":[436,519,387],"class_list":{"0":"post-46149","1":"product","2":"type-product","3":"status-publish","4":"has-post-thumbnail","6":"product_cat-aventyrsspel","7":"product_cat-sallskapsspel","8":"product_tag-exit-the-game","9":"product_tag-gebortspeltips","10":"product_tag-kosmos","12":"first","13":"outofstock","14":"taxable","15":"shipping-taxable","16":"purchasable","17":"product-type-simple"},"_links":{"self":[{"href":"https:\/\/www.alltpaettkort.com\/en\/wp-json\/wp\/v2\/product\/46149","targetHints":{"allow":["GET"]}}],"collection":[{"href":"https:\/\/www.alltpaettkort.com\/en\/wp-json\/wp\/v2\/product"}],"about":[{"href":"https:\/\/www.alltpaettkort.com\/en\/wp-json\/wp\/v2\/types\/product"}],"wp:featuredmedia":[{"embeddable":true,"href":"https:\/\/www.alltpaettkort.com\/en\/wp-json\/wp\/v2\/media\/46150"}],"wp:attachment":[{"href":"https:\/\/www.alltpaettkort.com\/en\/wp-json\/wp\/v2\/media?parent=46149"}],"wp:term":[{"taxonomy":"product_brand","embeddable":true,"href":"https:\/\/www.alltpaettkort.com\/en\/wp-json\/wp\/v2\/product_brand?post=46149"},{"taxonomy":"product_cat","embeddable":true,"href":"https:\/\/www.alltpaettkort.com\/en\/wp-json\/wp\/v2\/product_cat?post=46149"},{"taxonomy":"product_tag","embeddable":true,"href":"https:\/\/www.alltpaettkort.com\/en\/wp-json\/wp\/v2\/product_tag?post=46149"}],"curies":[{"name":"wp","href":"https:\/\/api.w.org\/{rel}","templated":true}]}}