{"id":46152,"date":"2022-05-25T14:38:34","date_gmt":"2022-05-25T14:38:34","guid":{"rendered":"https:\/\/www.alltpaettkort.com\/?post_type=product&#038;p=46152"},"modified":"2023-04-11T14:13:32","modified_gmt":"2023-04-11T14:13:32","slug":"exit-the-game-puzzle-nightfall-manor","status":"publish","type":"product","link":"https:\/\/www.alltpaettkort.com\/en\/product\/exit-the-game-puzzle-nightfall-manor\/","title":{"rendered":"Exit: The Game + Puzzle \u2013 Nightfall Manor"},"content":{"rendered":"<p>The old man was well-known for his eerie tales of the dark castle on the edge of the forest. Recently, he set out on his own to find the shadowy lord of the manor, but he hasn&#8217;t returned. Fearing the worst, you embark on a quest to find him. You must solve a series of riddles and piece together four jigsaw puzzles to uncover the mystery of Nightfall Manor and save your missing friend.<\/p>\n<p>In <em><strong>Exit: The Game + Puzzle \u2013 Nightfall Manor<\/strong><\/em>, there are riddles within riddles, hidden within four 88-piece jigsaw puzzles. Like other <em>Exit<\/em> titles, <em>Nightfall Manor<\/em> has no game board, but it also has no riddle cards. Instead, there are four jigsaw puzzles that you will find and assemble, one at a time. Each completed puzzle reveals a location containing more riddles to decipher.<\/p>\n<p><strong>F\u00f6r 1-4 spelare<\/strong><br \/>\n<strong><a href=\"https:\/\/boardgamegeek.com\/boardgame\/333516\/exit-game-puzzle-nightfall-manor\" target=\"_blank\" rel=\"noopener noreferrer\">L\u00e4s mer p\u00e5 Boardgamegeek<\/a><\/strong><\/p>","protected":false},"excerpt":{"rendered":"<div class=\"page\" title=\"Page 1\">\n<div class=\"layoutArea\">\n<div class=\"column\">\n<p>Ny klurig Exit-upplevelse i form av ett spelbart pussel! Leta upp er f\u00f6rsvunna v\u00e4n vid det olycksb\u00e5dande Nightfall Manor! En frist\u00e5ende del i Exit-serien som har gjort stor succ\u00e9 med sina kniviga \u00e4ventyr fyllda med \u00f6verraskningar, pussel och utmaningar!<\/p>\n<\/div>\n<\/div>\n<\/div>","protected":false},"featured_media":46153,"template":"","meta":[],"product_brand":[],"product_cat":[34,30],"product_tag":[436,387],"class_list":{"0":"post-46152","1":"product","2":"type-product","3":"status-publish","4":"has-post-thumbnail","6":"product_cat-aventyrsspel","7":"product_cat-sallskapsspel","8":"product_tag-exit-the-game","9":"product_tag-kosmos","11":"first","12":"outofstock","13":"taxable","14":"shipping-taxable","15":"purchasable","16":"product-type-simple"},"_links":{"self":[{"href":"https:\/\/www.alltpaettkort.com\/en\/wp-json\/wp\/v2\/product\/46152","targetHints":{"allow":["GET"]}}],"collection":[{"href":"https:\/\/www.alltpaettkort.com\/en\/wp-json\/wp\/v2\/product"}],"about":[{"href":"https:\/\/www.alltpaettkort.com\/en\/wp-json\/wp\/v2\/types\/product"}],"wp:featuredmedia":[{"embeddable":true,"href":"https:\/\/www.alltpaettkort.com\/en\/wp-json\/wp\/v2\/media\/46153"}],"wp:attachment":[{"href":"https:\/\/www.alltpaettkort.com\/en\/wp-json\/wp\/v2\/media?parent=46152"}],"wp:term":[{"taxonomy":"product_brand","embeddable":true,"href":"https:\/\/www.alltpaettkort.com\/en\/wp-json\/wp\/v2\/product_brand?post=46152"},{"taxonomy":"product_cat","embeddable":true,"href":"https:\/\/www.alltpaettkort.com\/en\/wp-json\/wp\/v2\/product_cat?post=46152"},{"taxonomy":"product_tag","embeddable":true,"href":"https:\/\/www.alltpaettkort.com\/en\/wp-json\/wp\/v2\/product_tag?post=46152"}],"curies":[{"name":"wp","href":"https:\/\/api.w.org\/{rel}","templated":true}]}}