{"id":46154,"date":"2022-01-25T14:43:37","date_gmt":"2022-01-25T14:43:37","guid":{"rendered":"https:\/\/www.alltpaettkort.com\/?post_type=product&#038;p=46154"},"modified":"2022-05-30T08:06:44","modified_gmt":"2022-05-30T08:06:44","slug":"exit-the-game-kidnapped-in-fortune-city","status":"publish","type":"product","link":"https:\/\/www.alltpaettkort.com\/en\/product\/exit-the-game-kidnapped-in-fortune-city\/","title":{"rendered":"Exit: The Game \u2013 Kidnapped in Fortune City"},"content":{"rendered":"<p>Can you solve the riddles and stop the kidnapping before it\u2019s too late?<\/p>\n<p>Criminal activity is rampant in the frontier town of Fortune City, and now the sheriff has disappeared without a trace. With precious little time to find him, players need to work together to solve the crime. Over the course of the game, your investigation will lead you through Fortune City, with clues and strange items to be found throughout. You will need to search for answers in the saloon, drugstore, gunsmith, post office, prison, and bank. But in a unique twist, you will decide the order in which you will visit these locations and who you will interrogate along the way. Together with your team, you will collect clues and evaluate the townspeoples\u2019 testimonies. But will you get the answers you need to rescue the sheriff in time?<\/p>\n<p>In the style of Dead Man on the Orient Express and Theft on the Mississippi, players must get to the bottom of a kidnapping in the Wild West in addition to solving all the riddles.<\/p>\n<p>Difficulty level: 3.5 of 5<\/p>\n<p><em><strong>Exit: The Game \u2013 Kidnapped in Fortune City<\/strong><\/em> is a puzzle game modeled after escape rooms, and it includes components meant to be folded, written upon, or torn, so it&#8217;s marketed as a single-use game.<\/p>\n<p><strong>F\u00f6r 1-4 spelare<br \/>\n<\/strong><strong>45-90 min speltid<br \/>\n<\/strong><strong>Rekommenderad \u00e5lder: 12 <\/strong><br \/>\n<strong><a href=\"https:\/\/boardgamegeek.com\/boardgame\/324853\/exit-game-kidnapped-fortune-city\" target=\"_blank\" rel=\"noopener noreferrer\">L\u00e4s mer p\u00e5 Boardgamegeek<\/a><\/strong><\/p>","protected":false},"excerpt":{"rendered":"<div class=\"page\" title=\"Page 1\">\n<div class=\"layoutArea\">\n<div class=\"column\">\n<p>Ett nytt sp\u00e4nnande Exit-spel som utspelar sig \u00a0i Fortune City! En frist\u00e5ende del i Exit-serien som har gjort stor succ\u00e9 med sina kniviga \u00e4ventyr fyllda med \u00f6verraskningar, pussel och utmaningar!<\/p>\n<\/div>\n<\/div>\n<\/div>","protected":false},"featured_media":46155,"template":"","meta":[],"product_brand":[],"product_cat":[34,30],"product_tag":[436,387],"class_list":{"0":"post-46154","1":"product","2":"type-product","3":"status-publish","4":"has-post-thumbnail","6":"product_cat-aventyrsspel","7":"product_cat-sallskapsspel","8":"product_tag-exit-the-game","9":"product_tag-kosmos","11":"first","12":"outofstock","13":"taxable","14":"shipping-taxable","15":"purchasable","16":"product-type-simple"},"_links":{"self":[{"href":"https:\/\/www.alltpaettkort.com\/en\/wp-json\/wp\/v2\/product\/46154","targetHints":{"allow":["GET"]}}],"collection":[{"href":"https:\/\/www.alltpaettkort.com\/en\/wp-json\/wp\/v2\/product"}],"about":[{"href":"https:\/\/www.alltpaettkort.com\/en\/wp-json\/wp\/v2\/types\/product"}],"wp:featuredmedia":[{"embeddable":true,"href":"https:\/\/www.alltpaettkort.com\/en\/wp-json\/wp\/v2\/media\/46155"}],"wp:attachment":[{"href":"https:\/\/www.alltpaettkort.com\/en\/wp-json\/wp\/v2\/media?parent=46154"}],"wp:term":[{"taxonomy":"product_brand","embeddable":true,"href":"https:\/\/www.alltpaettkort.com\/en\/wp-json\/wp\/v2\/product_brand?post=46154"},{"taxonomy":"product_cat","embeddable":true,"href":"https:\/\/www.alltpaettkort.com\/en\/wp-json\/wp\/v2\/product_cat?post=46154"},{"taxonomy":"product_tag","embeddable":true,"href":"https:\/\/www.alltpaettkort.com\/en\/wp-json\/wp\/v2\/product_tag?post=46154"}],"curies":[{"name":"wp","href":"https:\/\/api.w.org\/{rel}","templated":true}]}}