{"id":46212,"date":"2022-07-31T09:05:05","date_gmt":"2022-07-31T09:05:05","guid":{"rendered":"https:\/\/www.alltpaettkort.com\/?post_type=product&#038;p=46212"},"modified":"2023-11-09T10:11:30","modified_gmt":"2023-11-09T10:11:30","slug":"cryo","status":"publish","type":"product","link":"https:\/\/www.alltpaettkort.com\/en\/product\/cryo\/","title":{"rendered":"Cryo"},"content":{"rendered":"<p>A mission gone wrong. Tensions continued to mount aboard your colony ship as the days dragged on. An anonymous act of sabotage has sent the ship plummeting to the surface of a frozen uncharted planet. Damaged beyond repair, the scattered remains will do little to protect you from the brutal cold.<\/p>\n<p>In the engine-building, worker placement game <em><strong>Cryo<\/strong><\/em>, leaders of separate, hostile factions compete to survive and claim control over the underground caverns on a remote icy planet. You need to act quickly and strategically to avoid further sabotage from other factions. Send drones out from your engineering platform to scavenge resources and save your crew still in cryostasis. Gather different materials to upgrade and customize your platform, fine-tuning new actions to suit your individual strategy. Utilize multi-use cards to your advantage, and claim the underground caverns for your faction to survive.<\/p>\n<p>Though unplanned, a new chapter for humanity has begun. Scavenge, build, explore, and lead your faction to victory within this frozen world before the sun sets!<\/p>\n<p><strong>F\u00f6r 2-4 spelare<\/strong><br \/>\n<strong>60-90 min speltid<\/strong><br \/>\n<strong>Rekommenderad \u00e5lder: 14+<\/strong><br \/>\n<a href=\"https:\/\/boardgamegeek.com\/boardgame\/330608\/cryo\"><strong>L\u00e4s mer p\u00e5 Boardgamegeek<\/strong><\/a><\/p>","protected":false},"excerpt":{"rendered":"<p>Uppt\u00e4ck och \u00f6verlev p\u00e5 en og\u00e4stv\u00e4nliga nyuppt\u00e4ckt planet! Riktigt fint strategispel som blandar engine-building och worker placement.<\/p>","protected":false},"featured_media":46215,"template":"","meta":[],"product_brand":[],"product_cat":[17],"product_tag":[57],"class_list":{"0":"post-46212","1":"product","2":"type-product","3":"status-publish","4":"has-post-thumbnail","6":"product_cat-strategispel","7":"product_tag-z-man-games","9":"first","10":"outofstock","11":"taxable","12":"shipping-taxable","13":"purchasable","14":"product-type-simple"},"_links":{"self":[{"href":"https:\/\/www.alltpaettkort.com\/en\/wp-json\/wp\/v2\/product\/46212","targetHints":{"allow":["GET"]}}],"collection":[{"href":"https:\/\/www.alltpaettkort.com\/en\/wp-json\/wp\/v2\/product"}],"about":[{"href":"https:\/\/www.alltpaettkort.com\/en\/wp-json\/wp\/v2\/types\/product"}],"wp:featuredmedia":[{"embeddable":true,"href":"https:\/\/www.alltpaettkort.com\/en\/wp-json\/wp\/v2\/media\/46215"}],"wp:attachment":[{"href":"https:\/\/www.alltpaettkort.com\/en\/wp-json\/wp\/v2\/media?parent=46212"}],"wp:term":[{"taxonomy":"product_brand","embeddable":true,"href":"https:\/\/www.alltpaettkort.com\/en\/wp-json\/wp\/v2\/product_brand?post=46212"},{"taxonomy":"product_cat","embeddable":true,"href":"https:\/\/www.alltpaettkort.com\/en\/wp-json\/wp\/v2\/product_cat?post=46212"},{"taxonomy":"product_tag","embeddable":true,"href":"https:\/\/www.alltpaettkort.com\/en\/wp-json\/wp\/v2\/product_tag?post=46212"}],"curies":[{"name":"wp","href":"https:\/\/api.w.org\/{rel}","templated":true}]}}