{"id":46219,"date":"2022-01-31T09:23:15","date_gmt":"2022-01-31T09:23:15","guid":{"rendered":"https:\/\/www.alltpaettkort.com\/?post_type=product&#038;p=46219"},"modified":"2022-10-24T10:39:39","modified_gmt":"2022-10-24T10:39:39","slug":"nemesis-lockdown","status":"publish","type":"product","link":"https:\/\/www.alltpaettkort.com\/en\/product\/nemesis-lockdown\/","title":{"rendered":"Nemesis: Lockdown"},"content":{"rendered":"<p>Nemesis Lockdown is the first stand alone expansion to Nemesis. During the game, players will be taken to a totally new location &#8211; a secret base on Mars, represented by a multi level board. Lockdown will retain the highly cinematic, semi-co-op experience of the original game, while introducing a lot of new, fresh mechanics.<\/p>\n<p>During the tense gameplay, you and your fellow players will gather items, explore different rooms and use your actions, craft, run, and fight other species. At the same time, every player will try to complete their secret objective, that will grant them victory&#8230; Sometimes at the expense of others.<\/p>\n<p>Some of the new mechanics are:<br \/>\n&#8211; Multi-level base with stairs and elevators<br \/>\n&#8211; Advanced computer actions<br \/>\n&#8211; CSS hatch system<br \/>\n&#8211; Power and light on different levels<br \/>\n&#8211; Contingency procedure<br \/>\n&#8211; New characters and alien race<\/p>\n<p><strong>F\u00f6r 1-5 spelare<\/strong><br \/>\n<strong>90-180 min speltid<\/strong><br \/>\n<strong>Rekommenderad \u00e5lder: 12 <\/strong><br \/>\n<a href=\"https:\/\/boardgamegeek.com\/boardgame\/310100\/nemesis-lockdown\"><strong>L\u00e4s mer p\u00e5 Boardgamegeek<\/strong><\/a><\/p>","protected":false},"excerpt":{"rendered":"<p>Ny frist\u00e5ende expansion till det h\u00e4rligt Aliens-osande spelet Nemesis om att \u00f6verleva tillsammans p\u00e5 ett rymdskepp fullproppat med dramatik och survival horror-sp\u00e4nning! Denna g\u00e5ng tas spelarna till en helt ny plats, en hemlig bas p\u00e5 Mars&#8230;<\/p>","protected":false},"featured_media":46220,"template":"","meta":[],"product_brand":[],"product_cat":[16,34],"product_tag":[524],"class_list":{"0":"post-46219","1":"product","2":"type-product","3":"status-publish","4":"has-post-thumbnail","6":"product_cat-ameritrash","7":"product_cat-aventyrsspel","8":"product_tag-awaken-realms","10":"first","11":"outofstock","12":"taxable","13":"shipping-taxable","14":"purchasable","15":"product-type-simple"},"_links":{"self":[{"href":"https:\/\/www.alltpaettkort.com\/en\/wp-json\/wp\/v2\/product\/46219","targetHints":{"allow":["GET"]}}],"collection":[{"href":"https:\/\/www.alltpaettkort.com\/en\/wp-json\/wp\/v2\/product"}],"about":[{"href":"https:\/\/www.alltpaettkort.com\/en\/wp-json\/wp\/v2\/types\/product"}],"wp:featuredmedia":[{"embeddable":true,"href":"https:\/\/www.alltpaettkort.com\/en\/wp-json\/wp\/v2\/media\/46220"}],"wp:attachment":[{"href":"https:\/\/www.alltpaettkort.com\/en\/wp-json\/wp\/v2\/media?parent=46219"}],"wp:term":[{"taxonomy":"product_brand","embeddable":true,"href":"https:\/\/www.alltpaettkort.com\/en\/wp-json\/wp\/v2\/product_brand?post=46219"},{"taxonomy":"product_cat","embeddable":true,"href":"https:\/\/www.alltpaettkort.com\/en\/wp-json\/wp\/v2\/product_cat?post=46219"},{"taxonomy":"product_tag","embeddable":true,"href":"https:\/\/www.alltpaettkort.com\/en\/wp-json\/wp\/v2\/product_tag?post=46219"}],"curies":[{"name":"wp","href":"https:\/\/api.w.org\/{rel}","templated":true}]}}