{"id":46247,"date":"2022-07-02T10:22:40","date_gmt":"2022-07-02T10:22:40","guid":{"rendered":"https:\/\/www.alltpaettkort.com\/?post_type=product&#038;p=46247"},"modified":"2023-08-13T15:03:22","modified_gmt":"2023-08-13T15:03:22","slug":"the-loop-the-revenge-of-fauxzilla","status":"publish","type":"product","link":"https:\/\/www.alltpaettkort.com\/en\/product\/the-loop-the-revenge-of-fauxzilla\/","title":{"rendered":"The Loop: The Revenge of Fauxzilla"},"content":{"rendered":"<p>The first expansion for The LOOP brings new characters, equipments and game modes.<\/p>\n<p><strong>Your favorite evil genius, Dr. Faux, returns with a terrifying giant monster, Fauxzilla!<\/strong><br \/>\nWill you let him wreck the Universe?<\/p>\n<p>Play as two new agents, the young Dr. Faux himself and the Peak Twins, to foil his plans in two new game modes.<br \/>\nDr. Faux is back, and he&#8217;s unleashed the wrath of Fauxzilla.<\/p>\n<p>This giant monster will soon be rampaging through space-time! The Agency has no choice but to convince the legendary Peak Twins and Faux Klein Schlag to return to action!<\/p>\n<p>Take on Dr. Faux&#8217;s not-so-domestic giant monster, Fauxzilla, in <em><strong>two new game modes: &#8221;Fauxzillapocalypse&#8221;<\/strong><\/em> puts you on a time-track to defeat the beast. To defeat it, charge and set off powerful energy traps at the right time.<\/p>\n<p>In <em><strong>&#8221;The 7 Kaiju Balls&#8221;<\/strong><\/em>, retrieve Fauxzilla&#8217;s Eggs through time to seal them in their proper era, while dodging the monster&#8217;s fury.<\/p>\n<p>You can now count on <em><strong>two new characters: Faux Klein Schlag<\/strong><\/em>, a young version of Dr. Faux himself, determined to regain the upper hand over his evil future self. And the <em><strong>Peak Twins<\/strong><\/em>, the most feared pair of enforcers in the Middle Ages.<\/p>\n<p><em><strong>New Artifacts and 2 additional Sabotage tiles<\/strong><\/em> will take your Loop experience to the next level!<\/p>\n<p><a href=\"https:\/\/boardgamegeek.com\/boardgameexpansion\/338324\/loop-revenge-fauxzilla\"><strong>L\u00e4s mer p\u00e5 Boardgamegeek<\/strong><\/a><\/p>","protected":false},"excerpt":{"rendered":"<p>Expansion till h\u00e4rliga The Loop som introducerar nya karakt\u00e4rer, utrustning och spell\u00e4gen!<\/p>","protected":false},"featured_media":46248,"template":"","meta":[],"product_brand":[],"product_cat":[43],"product_tag":[183,599],"class_list":{"0":"post-46247","1":"product","2":"type-product","3":"status-publish","4":"has-post-thumbnail","6":"product_cat-expansion","7":"product_tag-pandasaurus-games","8":"product_tag-the-loop","10":"first","11":"outofstock","12":"taxable","13":"shipping-taxable","14":"purchasable","15":"product-type-simple"},"_links":{"self":[{"href":"https:\/\/www.alltpaettkort.com\/en\/wp-json\/wp\/v2\/product\/46247","targetHints":{"allow":["GET"]}}],"collection":[{"href":"https:\/\/www.alltpaettkort.com\/en\/wp-json\/wp\/v2\/product"}],"about":[{"href":"https:\/\/www.alltpaettkort.com\/en\/wp-json\/wp\/v2\/types\/product"}],"wp:featuredmedia":[{"embeddable":true,"href":"https:\/\/www.alltpaettkort.com\/en\/wp-json\/wp\/v2\/media\/46248"}],"wp:attachment":[{"href":"https:\/\/www.alltpaettkort.com\/en\/wp-json\/wp\/v2\/media?parent=46247"}],"wp:term":[{"taxonomy":"product_brand","embeddable":true,"href":"https:\/\/www.alltpaettkort.com\/en\/wp-json\/wp\/v2\/product_brand?post=46247"},{"taxonomy":"product_cat","embeddable":true,"href":"https:\/\/www.alltpaettkort.com\/en\/wp-json\/wp\/v2\/product_cat?post=46247"},{"taxonomy":"product_tag","embeddable":true,"href":"https:\/\/www.alltpaettkort.com\/en\/wp-json\/wp\/v2\/product_tag?post=46247"}],"curies":[{"name":"wp","href":"https:\/\/api.w.org\/{rel}","templated":true}]}}