{"id":46405,"date":"2024-08-08T13:04:11","date_gmt":"2024-08-08T13:04:11","guid":{"rendered":"https:\/\/www.alltpaettkort.com\/?post_type=product&#038;p=46405"},"modified":"2026-04-07T07:54:56","modified_gmt":"2026-04-07T07:54:56","slug":"nisei-system-gateway-complete-bundle","status":"publish","type":"product","link":"https:\/\/www.alltpaettkort.com\/en\/product\/nisei-system-gateway-complete-bundle\/","title":{"rendered":"System Gateway &#8211; Remastered Edition *preorder*"},"content":{"rendered":"<p><em>\u201cHow are you feeling now?\u201d asks Jericho.<\/em><\/p>\n<p><em>\u201cWhat am I feeling right now?\u201d I\u2019m stalling, not sure how to answer. There\u2019s sweat beading on my neck, and my mouth feels dry no matter how much I try to wet it. The old cushion under me is lumpy and tattered. The cable between my fingers radiates heat.<\/em><\/p>\n<p><em>\u201cLike I\u2019m about to jump out a damn hopper a thousand feet up with no chute,\u201d I smirk nervously towards the holo hovering before me. Jericho\u2019s face smiles up at the console on my desk like a proud parent. \u201cYou sure this is safe?\u201d<\/em><\/p>\n<p><em>\u201cRunning? Hell no,\u201d he cackles back. \u201cBut there\u2019s a whole \u2018nother world on the other side of that cable. Full of magic, and wonder, and myster\u2014\u201d<\/em><\/p>\n<p><em>\u201cAnd money,\u201d I cut in, raising the jack to my neck.<\/em><\/p>\n<p><em>\u201cAnd money,\u201d he assures me.<\/em><\/p>\n<p><em>I jack in.<\/em><\/p>\n<p><em>System Gateway: Complete Bundle<\/em> contains both halves of the <em>System Gateway<\/em> set: the Starter Pack and the Deckbuilding Pack. Learn to play with the Starter Pack, then expand your horizons with the cards contained in the Deckbuilding Pack!<\/p>","protected":false},"excerpt":{"rendered":"<p><strong>Preorder now, delivery in April!<\/strong> Allt du beh\u00f6ver f\u00f6r att komma ig\u00e5ng med Null Signal Games, NISEI Netrunner!<\/p>","protected":false},"featured_media":47127,"template":"","meta":[],"product_brand":[],"product_cat":[63],"product_tag":[600,604],"class_list":{"0":"post-46405","1":"product","2":"type-product","3":"status-publish","4":"has-post-thumbnail","6":"product_cat-kortspel","7":"product_tag-nisei","8":"product_tag-null-signal-games","10":"first","11":"onbackorder","12":"taxable","13":"shipping-taxable","14":"purchasable","15":"product-type-simple"},"_links":{"self":[{"href":"https:\/\/www.alltpaettkort.com\/en\/wp-json\/wp\/v2\/product\/46405","targetHints":{"allow":["GET"]}}],"collection":[{"href":"https:\/\/www.alltpaettkort.com\/en\/wp-json\/wp\/v2\/product"}],"about":[{"href":"https:\/\/www.alltpaettkort.com\/en\/wp-json\/wp\/v2\/types\/product"}],"wp:featuredmedia":[{"embeddable":true,"href":"https:\/\/www.alltpaettkort.com\/en\/wp-json\/wp\/v2\/media\/47127"}],"wp:attachment":[{"href":"https:\/\/www.alltpaettkort.com\/en\/wp-json\/wp\/v2\/media?parent=46405"}],"wp:term":[{"taxonomy":"product_brand","embeddable":true,"href":"https:\/\/www.alltpaettkort.com\/en\/wp-json\/wp\/v2\/product_brand?post=46405"},{"taxonomy":"product_cat","embeddable":true,"href":"https:\/\/www.alltpaettkort.com\/en\/wp-json\/wp\/v2\/product_cat?post=46405"},{"taxonomy":"product_tag","embeddable":true,"href":"https:\/\/www.alltpaettkort.com\/en\/wp-json\/wp\/v2\/product_tag?post=46405"}],"curies":[{"name":"wp","href":"https:\/\/api.w.org\/{rel}","templated":true}]}}