{"id":46433,"date":"2022-02-15T09:18:31","date_gmt":"2022-02-15T09:18:31","guid":{"rendered":"https:\/\/www.alltpaettkort.com\/?post_type=product&#038;p=46433"},"modified":"2022-10-12T13:02:35","modified_gmt":"2022-10-12T13:02:35","slug":"welcome-to-the-moon","status":"publish","type":"product","link":"https:\/\/www.alltpaettkort.com\/en\/product\/welcome-to-the-moon\/","title":{"rendered":"Welcome to the Moon"},"content":{"rendered":"<p>You&#8217;ve built housing for humanity in neighborhoods and New Las Vegas. Now you need to save humanity through space colonization&#8230;<\/p>\n<p><em><strong>Welcome to the Moon<\/strong><\/em> uses the same flip-and-write game mechanisms as the earlier title <em>Welcome To&#8230;<\/em>, but now you can play in a campaign across eight adventure sheets. On a turn, you flip cards from three stacks to create three different combinations of a starship number and a corresponding action, then all players choose one of these three combinations. You use the number to fill a space in a zone on your adventure sheet in numerical order, and everyone is racing to be the first to complete common missions.<\/p>\n<p>The eight adventure sheets feature very different mechanisms from the classic <em>Welcome To&#8230;<\/em> concept, and when you play in campaign mode, you&#8217;ll make choices that change the next adventure, which means that each campaign will differ from the previous one.<\/p>\n<p><strong>F\u00f6r 1-6 spelare<\/strong><br \/>\n<strong>25-30 min speltid<\/strong><br \/>\n<strong>Rekommenderad \u00e5lder: 10 <\/strong><br \/>\n<a href=\"https:\/\/boardgamegeek.com\/boardgame\/339789\/welcome-moon\"><strong>L\u00e4s mer p\u00e5 Boardgamegeek<\/strong><\/a><\/p>","protected":false},"excerpt":{"rendered":"<p>Dags att kolonisera m\u00e5nen! Welcome to the Moon \u00e4r en frist\u00e5ende uppf\u00f6ljare till p\u00e4rlan &#8221;Welcome To&#8230;&#8221; och \u00e4r ett riktigt snillrikt och tjusigt roll &amp; write-spel utan t\u00e4rningar!<\/p>","protected":false},"featured_media":46435,"template":"","meta":[],"product_brand":[],"product_cat":[31,30],"product_tag":[],"class_list":{"0":"post-46433","1":"product","2":"type-product","3":"status-publish","4":"has-post-thumbnail","6":"product_cat-familjespel","7":"product_cat-sallskapsspel","9":"first","10":"outofstock","11":"taxable","12":"shipping-taxable","13":"purchasable","14":"product-type-simple"},"_links":{"self":[{"href":"https:\/\/www.alltpaettkort.com\/en\/wp-json\/wp\/v2\/product\/46433","targetHints":{"allow":["GET"]}}],"collection":[{"href":"https:\/\/www.alltpaettkort.com\/en\/wp-json\/wp\/v2\/product"}],"about":[{"href":"https:\/\/www.alltpaettkort.com\/en\/wp-json\/wp\/v2\/types\/product"}],"wp:featuredmedia":[{"embeddable":true,"href":"https:\/\/www.alltpaettkort.com\/en\/wp-json\/wp\/v2\/media\/46435"}],"wp:attachment":[{"href":"https:\/\/www.alltpaettkort.com\/en\/wp-json\/wp\/v2\/media?parent=46433"}],"wp:term":[{"taxonomy":"product_brand","embeddable":true,"href":"https:\/\/www.alltpaettkort.com\/en\/wp-json\/wp\/v2\/product_brand?post=46433"},{"taxonomy":"product_cat","embeddable":true,"href":"https:\/\/www.alltpaettkort.com\/en\/wp-json\/wp\/v2\/product_cat?post=46433"},{"taxonomy":"product_tag","embeddable":true,"href":"https:\/\/www.alltpaettkort.com\/en\/wp-json\/wp\/v2\/product_tag?post=46433"}],"curies":[{"name":"wp","href":"https:\/\/api.w.org\/{rel}","templated":true}]}}