{"id":46461,"date":"2022-09-14T12:55:37","date_gmt":"2022-09-14T12:55:37","guid":{"rendered":"https:\/\/www.alltpaettkort.com\/?post_type=product&#038;p=46461"},"modified":"2023-09-25T05:48:15","modified_gmt":"2023-09-25T05:48:15","slug":"cosmic-encounter-cosmic-odyssey","status":"publish","type":"product","link":"https:\/\/www.alltpaettkort.com\/en\/product\/cosmic-encounter-cosmic-odyssey\/","title":{"rendered":"Cosmic Encounter: Cosmic Odyssey"},"content":{"rendered":"<p>This seventh expansion is the biggest expansion yet for cosmic encounter. introduces a campaign mode, 30 new aliens, 12 &#8221;alternate timeline&#8221; aliens revising previous aliens, and adds new space stations, technology, and hazards. It also adds new features, such as lux and moons.<\/p>\n<p><strong><a href=\"https:\/\/boardgamegeek.com\/boardgame\/360372\/cosmic-encounter-cosmic-odyssey\" target=\"_blank\" rel=\"noopener noreferrer\">L\u00e4s mer p\u00e5 Boardgamegeek<\/a><\/strong><\/p>","protected":false},"excerpt":{"rendered":"<p>Den st\u00f6rsta expansionen n\u00e5gonsin till legendariska Cosmic Encounter! Fulladdat med kampanjl\u00e4ge, 30 nya aliens och 12 alternativa tidslinjer mm!<\/p>","protected":false},"featured_media":46462,"template":"","meta":[],"product_brand":[],"product_cat":[43],"product_tag":[86,18,19],"class_list":{"0":"post-46461","1":"product","2":"type-product","3":"status-publish","4":"has-post-thumbnail","6":"product_cat-expansion","7":"product_tag-cosmic-encounter","8":"product_tag-fantasy-flight-games","9":"product_tag-sci-fi","11":"first","12":"outofstock","13":"taxable","14":"shipping-taxable","15":"purchasable","16":"product-type-simple"},"_links":{"self":[{"href":"https:\/\/www.alltpaettkort.com\/en\/wp-json\/wp\/v2\/product\/46461","targetHints":{"allow":["GET"]}}],"collection":[{"href":"https:\/\/www.alltpaettkort.com\/en\/wp-json\/wp\/v2\/product"}],"about":[{"href":"https:\/\/www.alltpaettkort.com\/en\/wp-json\/wp\/v2\/types\/product"}],"wp:featuredmedia":[{"embeddable":true,"href":"https:\/\/www.alltpaettkort.com\/en\/wp-json\/wp\/v2\/media\/46462"}],"wp:attachment":[{"href":"https:\/\/www.alltpaettkort.com\/en\/wp-json\/wp\/v2\/media?parent=46461"}],"wp:term":[{"taxonomy":"product_brand","embeddable":true,"href":"https:\/\/www.alltpaettkort.com\/en\/wp-json\/wp\/v2\/product_brand?post=46461"},{"taxonomy":"product_cat","embeddable":true,"href":"https:\/\/www.alltpaettkort.com\/en\/wp-json\/wp\/v2\/product_cat?post=46461"},{"taxonomy":"product_tag","embeddable":true,"href":"https:\/\/www.alltpaettkort.com\/en\/wp-json\/wp\/v2\/product_tag?post=46461"}],"curies":[{"name":"wp","href":"https:\/\/api.w.org\/{rel}","templated":true}]}}