{"id":46475,"date":"2022-09-21T12:38:45","date_gmt":"2022-09-21T12:38:45","guid":{"rendered":"https:\/\/www.alltpaettkort.com\/?post_type=product&#038;p=46475"},"modified":"2024-11-26T17:56:58","modified_gmt":"2024-11-26T17:56:58","slug":"twilight-inscription","status":"publish","type":"product","link":"https:\/\/www.alltpaettkort.com\/en\/product\/twilight-inscription\/","title":{"rendered":"Twilight Inscription"},"content":{"rendered":"<p>The Lazax Empire has burned to ash, rejected by its subjects. The aftermath was tragedy and petty conflict in equal measure, a time of loss and exhaustion. In the ensuing Dark Years, the factions of the galaxy retreated and recovered their strength. Now, they look upon the stars and see an opportunity\u2014a chance to reclaim what was lost. A chance to redefine galactic civilization. A chance to leave their mark upon the stars.<\/p>\n<p>Fantasy Flight Games is proud to announce\u00a0<em>Twilight Inscription<\/em>, a brand-new game in the\u00a0<em>Twilight Imperium<\/em>\u00a0universe!<\/p>\n<p>This epic roll-and-write game for one to eight players offers an experience unlike anything FFG has done before. With a limited pool of resources at your disposal, you\u2019ll need to carefully manage Navigation, Expansion, Industry, and Warfare as you amass victory points and earn your right to the throne on Mecatol Rex. Will your faction become the new rulers of the galaxy? Or will your fledgling empire fade into obscurity? Anything can happen in this strategic, infinitely-replayable game!<\/p>\n<p><strong>F\u00f6r 1-8 spelare<\/strong><br \/>\n<strong>90-120 min speltid<\/strong><br \/>\n<strong>Rekommenderad \u00e5lder: 14+<\/strong><br \/>\n<a href=\"https:\/\/boardgamegeek.com\/boardgame\/361545\/twilight-inscription\"><strong>L\u00e4s mer p\u00e5 Boardgamegeek<\/strong><\/a><\/p>","protected":false},"excerpt":{"rendered":"<p>Ett riktigt episkt och oemotst\u00e5ndligt roll &amp; write-spel baserat p\u00e5 det m\u00e4ktiga Twilight Imperium-universumet! En lika otippad som fantastisk kombination!<\/p>","protected":false},"featured_media":46476,"template":"","meta":[],"product_brand":[],"product_cat":[17],"product_tag":[522,18],"class_list":{"0":"post-46475","1":"product","2":"type-product","3":"status-publish","4":"has-post-thumbnail","6":"product_cat-strategispel","7":"product_tag-ameritrashtips","8":"product_tag-fantasy-flight-games","10":"first","11":"outofstock","12":"featured","13":"taxable","14":"shipping-taxable","15":"purchasable","16":"product-type-simple"},"_links":{"self":[{"href":"https:\/\/www.alltpaettkort.com\/en\/wp-json\/wp\/v2\/product\/46475","targetHints":{"allow":["GET"]}}],"collection":[{"href":"https:\/\/www.alltpaettkort.com\/en\/wp-json\/wp\/v2\/product"}],"about":[{"href":"https:\/\/www.alltpaettkort.com\/en\/wp-json\/wp\/v2\/types\/product"}],"wp:featuredmedia":[{"embeddable":true,"href":"https:\/\/www.alltpaettkort.com\/en\/wp-json\/wp\/v2\/media\/46476"}],"wp:attachment":[{"href":"https:\/\/www.alltpaettkort.com\/en\/wp-json\/wp\/v2\/media?parent=46475"}],"wp:term":[{"taxonomy":"product_brand","embeddable":true,"href":"https:\/\/www.alltpaettkort.com\/en\/wp-json\/wp\/v2\/product_brand?post=46475"},{"taxonomy":"product_cat","embeddable":true,"href":"https:\/\/www.alltpaettkort.com\/en\/wp-json\/wp\/v2\/product_cat?post=46475"},{"taxonomy":"product_tag","embeddable":true,"href":"https:\/\/www.alltpaettkort.com\/en\/wp-json\/wp\/v2\/product_tag?post=46475"}],"curies":[{"name":"wp","href":"https:\/\/api.w.org\/{rel}","templated":true}]}}