{"id":46881,"date":"2023-02-03T07:01:58","date_gmt":"2023-02-03T07:01:58","guid":{"rendered":"https:\/\/www.alltpaettkort.com\/?post_type=product&#038;p=46881"},"modified":"2023-02-03T07:09:38","modified_gmt":"2023-02-03T07:09:38","slug":"write-the-future-stamp-pack","status":"publish","type":"product","link":"https:\/\/www.alltpaettkort.com\/en\/product\/write-the-future-stamp-pack\/","title":{"rendered":"Write the Future: Stamp Pack"},"content":{"rendered":"","protected":false},"excerpt":{"rendered":"<p>Riktigt coola st\u00e4mplar att anv\u00e4nda till Write the Future f\u00f6r en unik spelupplevelse! Inneh\u00e5ller 8 st\u00e4mplar (2 av varje resurs).<\/p>","protected":false},"featured_media":46882,"template":"","meta":[],"product_brand":[],"product_cat":[103],"product_tag":[489,605],"class_list":{"0":"post-46881","1":"product","2":"type-product","3":"status-publish","4":"has-post-thumbnail","6":"product_cat-tillbehor","7":"product_tag-all-or-none-games","8":"product_tag-write-the-future","10":"first","11":"instock","12":"taxable","13":"shipping-taxable","14":"purchasable","15":"product-type-simple"},"_links":{"self":[{"href":"https:\/\/www.alltpaettkort.com\/en\/wp-json\/wp\/v2\/product\/46881","targetHints":{"allow":["GET"]}}],"collection":[{"href":"https:\/\/www.alltpaettkort.com\/en\/wp-json\/wp\/v2\/product"}],"about":[{"href":"https:\/\/www.alltpaettkort.com\/en\/wp-json\/wp\/v2\/types\/product"}],"wp:featuredmedia":[{"embeddable":true,"href":"https:\/\/www.alltpaettkort.com\/en\/wp-json\/wp\/v2\/media\/46882"}],"wp:attachment":[{"href":"https:\/\/www.alltpaettkort.com\/en\/wp-json\/wp\/v2\/media?parent=46881"}],"wp:term":[{"taxonomy":"product_brand","embeddable":true,"href":"https:\/\/www.alltpaettkort.com\/en\/wp-json\/wp\/v2\/product_brand?post=46881"},{"taxonomy":"product_cat","embeddable":true,"href":"https:\/\/www.alltpaettkort.com\/en\/wp-json\/wp\/v2\/product_cat?post=46881"},{"taxonomy":"product_tag","embeddable":true,"href":"https:\/\/www.alltpaettkort.com\/en\/wp-json\/wp\/v2\/product_tag?post=46881"}],"curies":[{"name":"wp","href":"https:\/\/api.w.org\/{rel}","templated":true}]}}