{"id":46883,"date":"2023-02-03T07:05:32","date_gmt":"2023-02-03T07:05:32","guid":{"rendered":"https:\/\/www.alltpaettkort.com\/?post_type=product&#038;p=46883"},"modified":"2023-02-03T07:08:57","modified_gmt":"2023-02-03T07:08:57","slug":"write-the-future-future-proof-expansion","status":"publish","type":"product","link":"https:\/\/www.alltpaettkort.com\/en\/product\/write-the-future-future-proof-expansion\/","title":{"rendered":"Write the Future: Future Proof Expansion"},"content":{"rendered":"","protected":false},"excerpt":{"rendered":"<p>Expansion till Write the Future som introducerar 12 faktioner att anv\u00e4nda i spelet och 12 nya uppdrag f\u00f6r \u00e4nnu mer variation!<\/p>","protected":false},"featured_media":46884,"template":"","meta":[],"product_brand":[],"product_cat":[43],"product_tag":[489,605],"class_list":{"0":"post-46883","1":"product","2":"type-product","3":"status-publish","4":"has-post-thumbnail","6":"product_cat-expansion","7":"product_tag-all-or-none-games","8":"product_tag-write-the-future","10":"first","11":"instock","12":"taxable","13":"shipping-taxable","14":"purchasable","15":"product-type-simple"},"_links":{"self":[{"href":"https:\/\/www.alltpaettkort.com\/en\/wp-json\/wp\/v2\/product\/46883","targetHints":{"allow":["GET"]}}],"collection":[{"href":"https:\/\/www.alltpaettkort.com\/en\/wp-json\/wp\/v2\/product"}],"about":[{"href":"https:\/\/www.alltpaettkort.com\/en\/wp-json\/wp\/v2\/types\/product"}],"wp:featuredmedia":[{"embeddable":true,"href":"https:\/\/www.alltpaettkort.com\/en\/wp-json\/wp\/v2\/media\/46884"}],"wp:attachment":[{"href":"https:\/\/www.alltpaettkort.com\/en\/wp-json\/wp\/v2\/media?parent=46883"}],"wp:term":[{"taxonomy":"product_brand","embeddable":true,"href":"https:\/\/www.alltpaettkort.com\/en\/wp-json\/wp\/v2\/product_brand?post=46883"},{"taxonomy":"product_cat","embeddable":true,"href":"https:\/\/www.alltpaettkort.com\/en\/wp-json\/wp\/v2\/product_cat?post=46883"},{"taxonomy":"product_tag","embeddable":true,"href":"https:\/\/www.alltpaettkort.com\/en\/wp-json\/wp\/v2\/product_tag?post=46883"}],"curies":[{"name":"wp","href":"https:\/\/api.w.org\/{rel}","templated":true}]}}