{"id":46905,"date":"2023-09-18T12:05:26","date_gmt":"2023-09-18T12:05:26","guid":{"rendered":"https:\/\/www.alltpaettkort.com\/?post_type=product&#038;p=46905"},"modified":"2025-12-08T12:22:27","modified_gmt":"2025-12-08T12:22:27","slug":"expeditions-ironclad-edition","status":"publish","type":"product","link":"https:\/\/www.alltpaettkort.com\/en\/product\/expeditions-ironclad-edition\/","title":{"rendered":"Expeditions (Ironclad Edition)"},"content":{"rendered":"<p>The sequel to <em>Scythe<\/em> sends players on a new adventure into Siberia, where a massive meteorite crashed near the Tunguska River, awakening ancient corruption. An expedition led by Dr. Tarkovsky ventures into the taiga to learn about the meteorite and its impact on the land. Itching for adventure, heroes from the war privately fund their own expeditions to Siberia, hoping to find artifacts, overcome challenges, and ultimately achieve glory.<\/p>\n<p><em><strong>Expeditions<\/strong><\/em> is a competitive, card-driven, engine-building game of exploration. Play cards to gain power, guile, and unique worker abilities; move your mech to mysterious locations and gain cards found among the tiles; use workers, items, meteorites, and quests to enhance your mech; and use power and guile to vanquish corruption.<\/p>\n<p>The Ironclad Edition of Expeditions features 5 large metal mechs (instead of plastic miniatures) and silicon base snaps (instead of plastic), as well as an individually numbered box with foil lettering. All other components and the gameplay elements are exactly the same as the standard version of Expeditions.<\/p>\n<p><strong>F\u00f6r 1-5 spelare<\/strong><br \/>\n<strong>60-90 min speltid<\/strong><br \/>\n<strong>Rekommenderad \u00e5lder: 14+<\/strong><br \/>\n<a href=\"https:\/\/boardgamegeek.com\/boardgame\/379078\/expeditions\"><strong>L\u00e4s mer p\u00e5 Boardgamegeek<\/strong><\/a><\/p>","protected":false},"excerpt":{"rendered":"<p>Efterl\u00e4ngtad uppf\u00f6ljare till det magnifika Scythe fr\u00e5n Stonemaier Games! Det h\u00e4r \u00e4r den m\u00e4ktiga Ironclad-utg\u00e5van som inneh\u00e5ller stora mechs av metall och silikon-baser ist\u00e4llet f\u00f6r plast.<\/p>","protected":false},"featured_media":46903,"template":"","meta":[],"product_brand":[],"product_cat":[17],"product_tag":[606,263],"class_list":{"0":"post-46905","1":"product","2":"type-product","3":"status-publish","4":"has-post-thumbnail","6":"product_cat-strategispel","7":"product_tag-expeditions","8":"product_tag-stonemaier-games","10":"first","11":"instock","12":"taxable","13":"shipping-taxable","14":"purchasable","15":"product-type-simple"},"_links":{"self":[{"href":"https:\/\/www.alltpaettkort.com\/en\/wp-json\/wp\/v2\/product\/46905","targetHints":{"allow":["GET"]}}],"collection":[{"href":"https:\/\/www.alltpaettkort.com\/en\/wp-json\/wp\/v2\/product"}],"about":[{"href":"https:\/\/www.alltpaettkort.com\/en\/wp-json\/wp\/v2\/types\/product"}],"wp:featuredmedia":[{"embeddable":true,"href":"https:\/\/www.alltpaettkort.com\/en\/wp-json\/wp\/v2\/media\/46903"}],"wp:attachment":[{"href":"https:\/\/www.alltpaettkort.com\/en\/wp-json\/wp\/v2\/media?parent=46905"}],"wp:term":[{"taxonomy":"product_brand","embeddable":true,"href":"https:\/\/www.alltpaettkort.com\/en\/wp-json\/wp\/v2\/product_brand?post=46905"},{"taxonomy":"product_cat","embeddable":true,"href":"https:\/\/www.alltpaettkort.com\/en\/wp-json\/wp\/v2\/product_cat?post=46905"},{"taxonomy":"product_tag","embeddable":true,"href":"https:\/\/www.alltpaettkort.com\/en\/wp-json\/wp\/v2\/product_tag?post=46905"}],"curies":[{"name":"wp","href":"https:\/\/api.w.org\/{rel}","templated":true}]}}