{"id":47253,"date":"2024-07-16T09:06:47","date_gmt":"2024-07-16T09:06:47","guid":{"rendered":"https:\/\/www.alltpaettkort.com\/?post_type=product&#038;p=47253"},"modified":"2024-12-03T18:29:44","modified_gmt":"2024-12-03T18:29:44","slug":"apiary","status":"publish","type":"product","link":"https:\/\/www.alltpaettkort.com\/en\/product\/apiary\/","title":{"rendered":"Apiary"},"content":{"rendered":"<p>In a far-distant future, humans no longer inhabit Earth. The cause of their disappearance (or perhaps their demise) is unknown, but their absence left a void ready to be filled by another sentient species.<\/p>\n<p>Over the span of untold generations, one species of the humble honeybee evolved to fill that void. They grew in size and intelligence to become a highly advanced society. They call themselves Mellifera, and they have made substantial technological advances in addition to the technology they adapted from human ruins, up to and including space travel.<\/p>\n<p>In <em><strong>Apiary<\/strong><\/em>, each player controls one of twenty unique factions. Your faction starts the game with a hive, a few resources, and worker bees. A worker-placement, hive-building challenge awaits you: explore planets, gather resources, develop technologies, and create carvings to demonstrate your faction&#8217;s strengths (measured in victory points) over one year&#8217;s Flow. However, the Dearth quickly approaches, and your workers can take only a few actions before they must hibernate! Can you thrive or merely survive?<\/p>\n<p><strong>F\u00f6r 1-5 spelare<\/strong><br \/>\n<strong>60-90 min speltid<\/strong><br \/>\n<strong>Rekommenderad \u00e5lder: 14+<\/strong><br \/>\n<a href=\"https:\/\/boardgamegeek.com\/boardgame\/400314\/apiary\"><strong>L\u00e4s mer p\u00e5 Boardgamegeek<\/strong><\/a><\/p>","protected":false},"excerpt":{"rendered":"<p>I Apiarys framtid \u00e4r det bin som regerar i rymden! Fascinerande nytt gl\u00f6dhett strategispel fr\u00e5n Stonemaier Games!<\/p>","protected":false},"featured_media":47254,"template":"","meta":[],"product_brand":[],"product_cat":[17],"product_tag":[263],"class_list":{"0":"post-47253","1":"product","2":"type-product","3":"status-publish","4":"has-post-thumbnail","6":"product_cat-strategispel","7":"product_tag-stonemaier-games","9":"first","10":"instock","11":"taxable","12":"shipping-taxable","13":"purchasable","14":"product-type-simple"},"_links":{"self":[{"href":"https:\/\/www.alltpaettkort.com\/en\/wp-json\/wp\/v2\/product\/47253","targetHints":{"allow":["GET"]}}],"collection":[{"href":"https:\/\/www.alltpaettkort.com\/en\/wp-json\/wp\/v2\/product"}],"about":[{"href":"https:\/\/www.alltpaettkort.com\/en\/wp-json\/wp\/v2\/types\/product"}],"wp:featuredmedia":[{"embeddable":true,"href":"https:\/\/www.alltpaettkort.com\/en\/wp-json\/wp\/v2\/media\/47254"}],"wp:attachment":[{"href":"https:\/\/www.alltpaettkort.com\/en\/wp-json\/wp\/v2\/media?parent=47253"}],"wp:term":[{"taxonomy":"product_brand","embeddable":true,"href":"https:\/\/www.alltpaettkort.com\/en\/wp-json\/wp\/v2\/product_brand?post=47253"},{"taxonomy":"product_cat","embeddable":true,"href":"https:\/\/www.alltpaettkort.com\/en\/wp-json\/wp\/v2\/product_cat?post=47253"},{"taxonomy":"product_tag","embeddable":true,"href":"https:\/\/www.alltpaettkort.com\/en\/wp-json\/wp\/v2\/product_tag?post=47253"}],"curies":[{"name":"wp","href":"https:\/\/api.w.org\/{rel}","templated":true}]}}