{"id":47391,"date":"2026-02-01T14:10:58","date_gmt":"2026-02-01T14:10:58","guid":{"rendered":"https:\/\/www.alltpaettkort.com\/?post_type=product&#038;p=47391"},"modified":"2026-02-03T08:48:00","modified_gmt":"2026-02-03T08:48:00","slug":"cascadia-landmarks","status":"publish","type":"product","link":"https:\/\/www.alltpaettkort.com\/en\/product\/cascadia-landmarks\/","title":{"rendered":"Cascadia: Landmarks"},"content":{"rendered":"<p>In <em><strong>Cascadia: Landmarks<\/strong><\/em> expansion, players create sprawling habitats and place beautiful natural landmarks within them. Landmarks give each environment its own look and feel, while also providing dynamic endgame scoring bonuses!<\/p>\n<p>In addition to the Landmarks module, this expansion includes more unique wildlife scoring cards and habitat tiles to add variety and enough components to play <em>Cascadia<\/em> with 5-6 players.<\/p>\n<p><a href=\"https:\/\/boardgamegeek.com\/boardgameexpansion\/385318\/cascadia-landmarks\"><strong>L\u00e4s mer p\u00e5 Boardgamegeek<\/strong><\/a><\/p>","protected":false},"excerpt":{"rendered":"<p>Expansion till det lysande Cascaida som introducerar Landmarks, fler Scoring-kort och st\u00f6d f\u00f6r omg\u00e5ngar med upp till 6 spelare!<\/p>","protected":false},"featured_media":47392,"template":"","meta":[],"product_brand":[],"product_cat":[43],"product_tag":[104,609],"class_list":{"0":"post-47391","1":"product","2":"type-product","3":"status-publish","4":"has-post-thumbnail","6":"product_cat-expansion","7":"product_tag-aeg","8":"product_tag-cascadia","10":"first","11":"instock","12":"taxable","13":"shipping-taxable","14":"purchasable","15":"product-type-simple"},"_links":{"self":[{"href":"https:\/\/www.alltpaettkort.com\/en\/wp-json\/wp\/v2\/product\/47391","targetHints":{"allow":["GET"]}}],"collection":[{"href":"https:\/\/www.alltpaettkort.com\/en\/wp-json\/wp\/v2\/product"}],"about":[{"href":"https:\/\/www.alltpaettkort.com\/en\/wp-json\/wp\/v2\/types\/product"}],"wp:featuredmedia":[{"embeddable":true,"href":"https:\/\/www.alltpaettkort.com\/en\/wp-json\/wp\/v2\/media\/47392"}],"wp:attachment":[{"href":"https:\/\/www.alltpaettkort.com\/en\/wp-json\/wp\/v2\/media?parent=47391"}],"wp:term":[{"taxonomy":"product_brand","embeddable":true,"href":"https:\/\/www.alltpaettkort.com\/en\/wp-json\/wp\/v2\/product_brand?post=47391"},{"taxonomy":"product_cat","embeddable":true,"href":"https:\/\/www.alltpaettkort.com\/en\/wp-json\/wp\/v2\/product_cat?post=47391"},{"taxonomy":"product_tag","embeddable":true,"href":"https:\/\/www.alltpaettkort.com\/en\/wp-json\/wp\/v2\/product_tag?post=47391"}],"curies":[{"name":"wp","href":"https:\/\/api.w.org\/{rel}","templated":true}]}}