{"id":47393,"date":"2022-10-04T14:25:51","date_gmt":"2022-10-04T14:25:51","guid":{"rendered":"https:\/\/www.alltpaettkort.com\/?post_type=product&#038;p=47393"},"modified":"2024-11-01T11:30:34","modified_gmt":"2024-11-01T11:30:34","slug":"dune-imperium-uprising","status":"publish","type":"product","link":"https:\/\/www.alltpaettkort.com\/en\/product\/dune-imperium-uprising\/","title":{"rendered":"Dune: Imperium \u2013 Uprising"},"content":{"rendered":"<p>In <em><strong>Dune: Imperium Uprising<\/strong><\/em>, you want to continue to balance military might with political intrigue, wielding new tools in pursuit of victory. Spies will shore up your plans, vital contracts will expand your resources, or you can learn the ways of the Fremen and ride mighty sandworms into battle!<\/p>\n<p><em>Dune: Imperium Uprising<\/em> is a standalone spinoff to <em>Dune: Imperium<\/em> that expands on that game&#8217;s blend of deck-building and worker placement, while introducing a new six-player mode that pits two teams against one other in the biggest struggle yet.<\/p>\n<p>The <em>Dune: Imperium<\/em> expansions <em>Rise of Ix<\/em> and <em>Immortality<\/em> work with <em>Uprising<\/em>, as do almost all of the cards from the base game, and elements of <em>Uprising<\/em> can be used with <em>Dune: Imperium<\/em>.<\/p>\n<p>The choices are yours. The Imperium awaits!<\/p>\n<p>F\u00f6r 1-6 spelare<br \/>\n60-120 min speltid<br \/>\nRekommenderad \u00e5lder: 13+<br \/>\n<a href=\"https:\/\/boardgamegeek.com\/boardgame\/397598\/dune-imperium-uprising\"><strong>L\u00e4s mer p\u00e5 Boardgamegeek<\/strong><\/a><\/p>","protected":false},"excerpt":{"rendered":"<p>En frist\u00e5ende spinoff till till Dune: Imperium som ocks\u00e5 kan kombineras med grundspelet och dess expansioner, och \u00e4ven bjuder p\u00e5 m\u00e4ktiga omg\u00e5ngar f\u00f6r 6 spelare!<\/p>","protected":false},"featured_media":47394,"template":"","meta":[],"product_brand":[],"product_cat":[17],"product_tag":[547,610],"class_list":{"0":"post-47393","1":"product","2":"type-product","3":"status-publish","4":"has-post-thumbnail","6":"product_cat-strategispel","7":"product_tag-dire-wolf","8":"product_tag-dune-imperium","10":"first","11":"outofstock","12":"taxable","13":"shipping-taxable","14":"purchasable","15":"product-type-simple"},"_links":{"self":[{"href":"https:\/\/www.alltpaettkort.com\/en\/wp-json\/wp\/v2\/product\/47393","targetHints":{"allow":["GET"]}}],"collection":[{"href":"https:\/\/www.alltpaettkort.com\/en\/wp-json\/wp\/v2\/product"}],"about":[{"href":"https:\/\/www.alltpaettkort.com\/en\/wp-json\/wp\/v2\/types\/product"}],"wp:featuredmedia":[{"embeddable":true,"href":"https:\/\/www.alltpaettkort.com\/en\/wp-json\/wp\/v2\/media\/47394"}],"wp:attachment":[{"href":"https:\/\/www.alltpaettkort.com\/en\/wp-json\/wp\/v2\/media?parent=47393"}],"wp:term":[{"taxonomy":"product_brand","embeddable":true,"href":"https:\/\/www.alltpaettkort.com\/en\/wp-json\/wp\/v2\/product_brand?post=47393"},{"taxonomy":"product_cat","embeddable":true,"href":"https:\/\/www.alltpaettkort.com\/en\/wp-json\/wp\/v2\/product_cat?post=47393"},{"taxonomy":"product_tag","embeddable":true,"href":"https:\/\/www.alltpaettkort.com\/en\/wp-json\/wp\/v2\/product_tag?post=47393"}],"curies":[{"name":"wp","href":"https:\/\/api.w.org\/{rel}","templated":true}]}}