{"id":47450,"date":"2023-11-26T12:14:26","date_gmt":"2023-11-26T12:14:26","guid":{"rendered":"https:\/\/www.alltpaettkort.com\/?post_type=product&#038;p=47450"},"modified":"2024-05-01T07:34:35","modified_gmt":"2024-05-01T07:34:35","slug":"unmatched-little-red-riding-hood-vs-beowulf","status":"publish","type":"product","link":"https:\/\/www.alltpaettkort.com\/en\/product\/unmatched-little-red-riding-hood-vs-beowulf\/","title":{"rendered":"Unmatched: Little Red Riding Hood vs. Beowulf"},"content":{"rendered":"<p>In battle, there are no equals.<\/p>\n<p>ONCE UPON A TIME, Little Red Riding Hood took her basket of nasty tricks and faced off against the legendary Beowulf in this exciting Unmatched set.<\/p>\n<p>&#8221;What big eyes you have, Wulfie!&#8221;<\/p>\n<p>&#8221;That\u2019s called &#8217;rage&#8217;, kid!&#8221;<\/p>\n<p>Little Red features a clever card-combo mechanism. Matching icons on the cards she plays to the one in her &#8221;basket&#8221; (discard pile), triggers potent effects. Meanwhile, Beowulf uses rage to power up his cards for devastating attacks.<\/p>\n<p><em><strong>Unmatched<\/strong><\/em> is a highly asymmetrical miniature fighting game for two or four players. Each hero is represented by a unique deck designed to evoke their style and legend. Tactical movement and no-luck combat resolution create a unique play experience that rewards expertise, but just when you&#8217;ve mastered one set, new heroes arrive to provide all new match-ups.<\/p>\n<p><strong>F\u00f6r 2 spelare<\/strong><br \/>\n<strong>20 min speltid<\/strong><br \/>\n<strong>Rekommenderad \u00e5lder: 9+<\/strong><br \/>\n<strong><a href=\"https:\/\/boardgamegeek.com\/boardgame\/325635\/unmatched-little-red-riding-hood-vs-beowulf\">L\u00e4s mer p\u00e5 Boardgamegeek<\/a><\/strong><\/p>","protected":false},"excerpt":{"rendered":"<p>Tv\u00e5 nya ov\u00e4ntade hj\u00e4ltar drabbar samman i Unmatched, R\u00f6dluvan mot Beowulf!<\/p>","protected":false},"featured_media":47451,"template":"","meta":[],"product_brand":[],"product_cat":[43,63,17],"product_tag":[40,611],"class_list":{"0":"post-47450","1":"product","2":"type-product","3":"status-publish","4":"has-post-thumbnail","6":"product_cat-expansion","7":"product_cat-kortspel","8":"product_cat-strategispel","9":"product_tag-iello","10":"product_tag-unmatched","12":"first","13":"instock","14":"taxable","15":"shipping-taxable","16":"purchasable","17":"product-type-simple"},"_links":{"self":[{"href":"https:\/\/www.alltpaettkort.com\/en\/wp-json\/wp\/v2\/product\/47450","targetHints":{"allow":["GET"]}}],"collection":[{"href":"https:\/\/www.alltpaettkort.com\/en\/wp-json\/wp\/v2\/product"}],"about":[{"href":"https:\/\/www.alltpaettkort.com\/en\/wp-json\/wp\/v2\/types\/product"}],"wp:featuredmedia":[{"embeddable":true,"href":"https:\/\/www.alltpaettkort.com\/en\/wp-json\/wp\/v2\/media\/47451"}],"wp:attachment":[{"href":"https:\/\/www.alltpaettkort.com\/en\/wp-json\/wp\/v2\/media?parent=47450"}],"wp:term":[{"taxonomy":"product_brand","embeddable":true,"href":"https:\/\/www.alltpaettkort.com\/en\/wp-json\/wp\/v2\/product_brand?post=47450"},{"taxonomy":"product_cat","embeddable":true,"href":"https:\/\/www.alltpaettkort.com\/en\/wp-json\/wp\/v2\/product_cat?post=47450"},{"taxonomy":"product_tag","embeddable":true,"href":"https:\/\/www.alltpaettkort.com\/en\/wp-json\/wp\/v2\/product_tag?post=47450"}],"curies":[{"name":"wp","href":"https:\/\/api.w.org\/{rel}","templated":true}]}}