{"id":47616,"date":"2024-09-24T16:26:10","date_gmt":"2024-09-24T16:26:10","guid":{"rendered":"https:\/\/www.alltpaettkort.com\/?post_type=product&#038;p=47616"},"modified":"2025-10-09T16:46:42","modified_gmt":"2025-10-09T16:46:42","slug":"arkham-horror-the-card-game-the-drowned-city-campaign-expansion","status":"publish","type":"product","link":"https:\/\/www.alltpaettkort.com\/en\/product\/arkham-horror-the-card-game-the-drowned-city-campaign-expansion\/","title":{"rendered":"Arkham Horror: The Card Game \u2013 The Drowned City Campaign Expansion"},"content":{"rendered":"<p>It was supposed to be one last job. At the behest of shadowy antiquarian Randall Tillinghast\u2014who presents them with an offer they can\u2019t refuse\u2014the investigators travel to the South Pacific and the vast, alien city of R\u2019lyeh. However, the more they explore, the more terrors they discover, and as a looming sense of dread grows, the investigators find themselves\u2014and all of Arkham\u2014faced with a colossal threat.<\/p>\n<p>The time has come. Cthulhu has awakened, and Arkham will never be the same.<\/p>\n<p>In <em>The Drowned City Campaign Expansion<\/em>, one to four investigators explore the mysterious and deadly city of R\u2019lyeh as it rises from the ocean\u2019s depths. As players venture into the tomb-like ruin, they\u2019ll scale the city\u2019s crumbling foundations, scour the sea floor for alien artifacts, navigate mind-bending machinery and shifting corridors, and discover an ancient history that was drowned with the city itself. Along the way, they\u2019ll experience a unique story that changes based on their chosen investigators, and it all culminates in a climactic battle against Cthulhu himself!<\/p>\n<p>This expansion contains the entirety of <em>The Drowned City<\/em> campaign. Players only need a copy of the <em>Arkham Horror: The Card Game Revised Core Set<\/em> to dive into the story.<\/p>\n<p><strong>Not a standalone expansion. A copy of\u00a0the\u00a0<em>Arkham Horror: The Card Game\u00a0<\/em>core set is required to play.<\/strong><\/p>","protected":false},"excerpt":{"rendered":"<p>\u00c4ntligen en ny ruskig kampanj till Arkham Horror: The Card Game! Bes\u00f6k the Drowned City f\u00f6r nya \u00e4ventyr!<\/p>","protected":false},"featured_media":47657,"template":"","meta":[],"product_brand":[],"product_cat":[63,550],"product_tag":[18,613],"class_list":{"0":"post-47616","1":"product","2":"type-product","3":"status-publish","4":"has-post-thumbnail","6":"product_cat-kortspel","7":"product_cat-preorder","8":"product_tag-fantasy-flight-games","9":"product_tag-the-drowned-city","11":"first","12":"outofstock","13":"taxable","14":"shipping-taxable","15":"purchasable","16":"product-type-simple"},"_links":{"self":[{"href":"https:\/\/www.alltpaettkort.com\/en\/wp-json\/wp\/v2\/product\/47616","targetHints":{"allow":["GET"]}}],"collection":[{"href":"https:\/\/www.alltpaettkort.com\/en\/wp-json\/wp\/v2\/product"}],"about":[{"href":"https:\/\/www.alltpaettkort.com\/en\/wp-json\/wp\/v2\/types\/product"}],"wp:featuredmedia":[{"embeddable":true,"href":"https:\/\/www.alltpaettkort.com\/en\/wp-json\/wp\/v2\/media\/47657"}],"wp:attachment":[{"href":"https:\/\/www.alltpaettkort.com\/en\/wp-json\/wp\/v2\/media?parent=47616"}],"wp:term":[{"taxonomy":"product_brand","embeddable":true,"href":"https:\/\/www.alltpaettkort.com\/en\/wp-json\/wp\/v2\/product_brand?post=47616"},{"taxonomy":"product_cat","embeddable":true,"href":"https:\/\/www.alltpaettkort.com\/en\/wp-json\/wp\/v2\/product_cat?post=47616"},{"taxonomy":"product_tag","embeddable":true,"href":"https:\/\/www.alltpaettkort.com\/en\/wp-json\/wp\/v2\/product_tag?post=47616"}],"curies":[{"name":"wp","href":"https:\/\/api.w.org\/{rel}","templated":true}]}}