{"id":47624,"date":"2024-08-20T16:54:31","date_gmt":"2024-08-20T16:54:31","guid":{"rendered":"https:\/\/www.alltpaettkort.com\/?post_type=product&#038;p=47624"},"modified":"2025-08-30T06:31:25","modified_gmt":"2025-08-30T06:31:25","slug":"arkham-horror-the-card-game-the-midwinter-gala","status":"publish","type":"product","link":"https:\/\/www.alltpaettkort.com\/en\/product\/arkham-horror-the-card-game-the-midwinter-gala\/","title":{"rendered":"Arkham Horror: The Card Game \u2013 The Midwinter Gala"},"content":{"rendered":"<p><em>It\u2019s a party to die for!<\/em><\/p>\n<p>It\u2019s the dead of winter, and Arkham\u2019s social elite have arrived in mist-shrouded Kingsport for an exquisite gala hosted by the enigmatic Lantern Club. Unfortunately, it doesn\u2019t take long before nightmarish creatures crash the festivities, and it falls to you to uncover the Club\u2019s dark schemes before Arkham\u2019s most powerful leaders all meet a terrible fate!<\/p>\n<p>In <em>The Midwinter Gala<\/em>, one to four investigators ally with a faction of their choice and work together to claim the powerful relic at the center of the Lantern Club\u2019s nefarious plot. The scenario can be played on its own or inserted into any campaign as a side-story, and it can also be played semi-competitively between multiple teams of investigators!<\/p>\n<p>Players only need a copy of the <em>Arkham Horror: The Card Game Revised Core Set<\/em> to dive into the scenario.<\/p>\n<p><strong>Not a standalone expansion. A copy of the\u00a0<em>Arkham Horror: The Card Game Revised Core Set<\/em>\u00a0is required to play.<\/strong><\/p>","protected":false},"excerpt":{"rendered":"<p>Nytt frist\u00e5ende scenario till Arkham Horror: The Card Game! Dags att svida upp och g\u00e5 p\u00e5 en angen\u00e4m gala&#8230;<\/p>","protected":false},"featured_media":47625,"template":"","meta":[],"product_brand":[],"product_cat":[43],"product_tag":[388,18],"class_list":{"0":"post-47624","1":"product","2":"type-product","3":"status-publish","4":"has-post-thumbnail","6":"product_cat-expansion","7":"product_tag-arkham-horror-the-card-game","8":"product_tag-fantasy-flight-games","10":"first","11":"outofstock","12":"taxable","13":"shipping-taxable","14":"purchasable","15":"product-type-simple"},"_links":{"self":[{"href":"https:\/\/www.alltpaettkort.com\/en\/wp-json\/wp\/v2\/product\/47624","targetHints":{"allow":["GET"]}}],"collection":[{"href":"https:\/\/www.alltpaettkort.com\/en\/wp-json\/wp\/v2\/product"}],"about":[{"href":"https:\/\/www.alltpaettkort.com\/en\/wp-json\/wp\/v2\/types\/product"}],"wp:featuredmedia":[{"embeddable":true,"href":"https:\/\/www.alltpaettkort.com\/en\/wp-json\/wp\/v2\/media\/47625"}],"wp:attachment":[{"href":"https:\/\/www.alltpaettkort.com\/en\/wp-json\/wp\/v2\/media?parent=47624"}],"wp:term":[{"taxonomy":"product_brand","embeddable":true,"href":"https:\/\/www.alltpaettkort.com\/en\/wp-json\/wp\/v2\/product_brand?post=47624"},{"taxonomy":"product_cat","embeddable":true,"href":"https:\/\/www.alltpaettkort.com\/en\/wp-json\/wp\/v2\/product_cat?post=47624"},{"taxonomy":"product_tag","embeddable":true,"href":"https:\/\/www.alltpaettkort.com\/en\/wp-json\/wp\/v2\/product_tag?post=47624"}],"curies":[{"name":"wp","href":"https:\/\/api.w.org\/{rel}","templated":true}]}}