{"id":47709,"date":"2024-06-28T13:32:04","date_gmt":"2024-06-28T13:32:04","guid":{"rendered":"https:\/\/www.alltpaettkort.com\/?post_type=product&#038;p=47709"},"modified":"2024-11-07T11:50:26","modified_gmt":"2024-11-07T11:50:26","slug":"hidden-ark","status":"publish","type":"product","link":"https:\/\/www.alltpaettkort.com\/en\/product\/hidden-ark\/","title":{"rendered":"Hidden Ark"},"content":{"rendered":"<p><em>Hundreds of fish species are today critically endangered. To make a difference, The Hidden Ark initiative was formed. An alliance of science groups coming together from all over the world, dedicated to make a change and save species from complete extinction.<\/em><\/p>\n<p><em>The obstacles are plenty and fundings will be hard to come by. Research and expert knowledge in different areas will be needed, as well as an infrastructure around the world and coordinated rescue operations on the vast oceans. Are you up for the task?<\/em><\/p>\n<p><em><strong>Hidden Ark<\/strong><\/em> is a board game about making a change! As one of the Hidden Ark science teams, you&#8217;re committed to the rescue cause and will lead your team to be as successful as possible! You will build science stations, send out your vessels on rescue operations, and evolve your expertise in different fields.<\/p>\n<p>In the game, the players will draft opportunity tokens supplying them with different research studies, funding and technological upgrades. They will then choose an action row on their player board and perform all available actions.<\/p>\n<p>Actions include building science stations or rescue vessels, researching different areas of science, upgrading your player board, and moving your vessels to perform rescue operations.<\/p>\n<p>To perform a rescue operation, a player must move their rescue vessel onto a species card on the game board and meet the cards research requirements. If successful, the player has saved the species and will keep the card for points and benefits.<\/p>\n<p>Throughout the game you will increase your research abilities, expand your armada of rescue vessels and science stations, and upgrade your Player Board with new abilities to make your action rows even more powerful.<\/p>\n<p>The game ends when there are no more opportunity tokens to draft, and the player with the most victory points from cards, upgrades, awards, science stations &amp; rescue vessels, will win the game!<\/p>\n<p><strong>F\u00f6r 1-4 spelare<\/strong><br \/>\n<strong>60-90 min speltid<\/strong><br \/>\n<strong>Rekommenderad \u00e5lder: 10+<\/strong><br \/>\n<a href=\"https:\/\/boardgamegeek.com\/boardgame\/377123\/hidden-ark\"><strong>L\u00e4s mer p\u00e5 Boardgamegeek<\/strong><\/a><\/p>","protected":false},"excerpt":{"rendered":"<p>Var med och r\u00e4dda utrotningshotade fiskarter som en del av The Hidden Ark Initiative! Bygg r\u00e4ddningsfartyg och forskningsstationer \u00f6ver hela v\u00e4rlden, forska och s\u00e4kra finansiering f\u00f6r att g\u00f6ra s\u00e5 stor skillnad som m\u00f6jligt!<\/p>","protected":false},"featured_media":47710,"template":"","meta":[],"product_brand":[],"product_cat":[29,31,15,17],"product_tag":[489],"class_list":{"0":"post-47709","1":"product","2":"type-product","3":"status-publish","4":"has-post-thumbnail","6":"product_cat-eurospel","7":"product_cat-familjespel","8":"product_cat-okategoriserad","9":"product_cat-strategispel","10":"product_tag-all-or-none-games","12":"first","13":"instock","14":"taxable","15":"shipping-taxable","16":"purchasable","17":"product-type-simple"},"_links":{"self":[{"href":"https:\/\/www.alltpaettkort.com\/en\/wp-json\/wp\/v2\/product\/47709","targetHints":{"allow":["GET"]}}],"collection":[{"href":"https:\/\/www.alltpaettkort.com\/en\/wp-json\/wp\/v2\/product"}],"about":[{"href":"https:\/\/www.alltpaettkort.com\/en\/wp-json\/wp\/v2\/types\/product"}],"wp:featuredmedia":[{"embeddable":true,"href":"https:\/\/www.alltpaettkort.com\/en\/wp-json\/wp\/v2\/media\/47710"}],"wp:attachment":[{"href":"https:\/\/www.alltpaettkort.com\/en\/wp-json\/wp\/v2\/media?parent=47709"}],"wp:term":[{"taxonomy":"product_brand","embeddable":true,"href":"https:\/\/www.alltpaettkort.com\/en\/wp-json\/wp\/v2\/product_brand?post=47709"},{"taxonomy":"product_cat","embeddable":true,"href":"https:\/\/www.alltpaettkort.com\/en\/wp-json\/wp\/v2\/product_cat?post=47709"},{"taxonomy":"product_tag","embeddable":true,"href":"https:\/\/www.alltpaettkort.com\/en\/wp-json\/wp\/v2\/product_tag?post=47709"}],"curies":[{"name":"wp","href":"https:\/\/api.w.org\/{rel}","templated":true}]}}