{"id":47764,"date":"2023-11-05T16:35:09","date_gmt":"2023-11-05T16:35:09","guid":{"rendered":"https:\/\/www.alltpaettkort.com\/?post_type=product&#038;p=47764"},"modified":"2024-11-05T16:36:18","modified_gmt":"2024-11-05T16:36:18","slug":"caverna-the-forgotten-folk","status":"publish","type":"product","link":"https:\/\/www.alltpaettkort.com\/en\/product\/caverna-the-forgotten-folk\/","title":{"rendered":"Caverna: The Forgotten Folk"},"content":{"rendered":"<p><em><strong>Caverna: The Forgotten Folk<\/strong><\/em> \u2014 <em>Caverna: Vergessene V\u00f6lker<\/em> in German \u2014 originated as a fan project on BoardGameGeek, and <em>Caverna<\/em> publisher Lookout Games has decided to work with the designer to develop this material and release it as an official expansion.<\/p>\n<p><em>Forgotten Folk<\/em> consists of eight different species or race packs such as elves, dark elves, and trolls, and now each player in <em>Caverna<\/em> can be one of these species instead of only the dwarves in the base game. Each species has special advantages and disadvantages, and some species introduce new resources into the game. Each species has four unique rooms, and they replace rooms in the base game, which allows other players to gain the powers of these species.<\/p>\n<p><a href=\"https:\/\/boardgamegeek.com\/boardgameexpansion\/245932\/caverna-the-forgotten-folk\"><strong>L\u00e4s mer p\u00e5 Boardgamegeek<\/strong><\/a><\/p>","protected":false},"excerpt":{"rendered":"<p>Kul expansion till Caverna som introducerar 8 olika raser, som svartalver, troll, \u00e4lvor, att spela som ist\u00e4llet f\u00f6r dv\u00e4rgar! Varje ras har sina f\u00f6rdelar och svagheter och 4 unika rum.<\/p>","protected":false},"featured_media":47765,"template":"","meta":[],"product_brand":[],"product_cat":[43],"product_tag":[246],"class_list":{"0":"post-47764","1":"product","2":"type-product","3":"status-publish","4":"has-post-thumbnail","6":"product_cat-expansion","7":"product_tag-caverna","9":"first","10":"instock","11":"taxable","12":"shipping-taxable","13":"purchasable","14":"product-type-simple"},"_links":{"self":[{"href":"https:\/\/www.alltpaettkort.com\/en\/wp-json\/wp\/v2\/product\/47764","targetHints":{"allow":["GET"]}}],"collection":[{"href":"https:\/\/www.alltpaettkort.com\/en\/wp-json\/wp\/v2\/product"}],"about":[{"href":"https:\/\/www.alltpaettkort.com\/en\/wp-json\/wp\/v2\/types\/product"}],"wp:featuredmedia":[{"embeddable":true,"href":"https:\/\/www.alltpaettkort.com\/en\/wp-json\/wp\/v2\/media\/47765"}],"wp:attachment":[{"href":"https:\/\/www.alltpaettkort.com\/en\/wp-json\/wp\/v2\/media?parent=47764"}],"wp:term":[{"taxonomy":"product_brand","embeddable":true,"href":"https:\/\/www.alltpaettkort.com\/en\/wp-json\/wp\/v2\/product_brand?post=47764"},{"taxonomy":"product_cat","embeddable":true,"href":"https:\/\/www.alltpaettkort.com\/en\/wp-json\/wp\/v2\/product_cat?post=47764"},{"taxonomy":"product_tag","embeddable":true,"href":"https:\/\/www.alltpaettkort.com\/en\/wp-json\/wp\/v2\/product_tag?post=47764"}],"curies":[{"name":"wp","href":"https:\/\/api.w.org\/{rel}","templated":true}]}}