{"id":47768,"date":"2023-12-06T08:40:28","date_gmt":"2023-12-06T08:40:28","guid":{"rendered":"https:\/\/www.alltpaettkort.com\/?post_type=product&#038;p=47768"},"modified":"2024-11-06T08:42:42","modified_gmt":"2024-11-06T08:42:42","slug":"beasty-bar","status":"publish","type":"product","link":"https:\/\/www.alltpaettkort.com\/en\/product\/beasty-bar\/","title":{"rendered":"Beasty Bar"},"content":{"rendered":"<p>The animals are dressed up and ready to enter the &#8221;Beasty Bar&#8221; nightclub. Who will actually make it through the door?<\/p>\n<p><em><strong>Beasty Bar<\/strong><\/em> is a fun &#8221;take that&#8221; card game about party animals. The players play animal cards into a line, and each animal has a special power that can manipulate the order of the cards. Whenever five animals are present at the end of a turn, the two animals up front get to party while the one at the rear has to go home. Whoever manages to send more of her animals to the party than anyone else wins.<\/p>\n<p><strong>F\u00f6r 2-4 spelare<\/strong><br \/>\n<strong>20 min speltid<\/strong><br \/>\n<strong>Rekommenderad \u00e5lder: 8+<\/strong><br \/>\n<a href=\"https:\/\/boardgamegeek.com\/boardgame\/165950\/beasty-bar\"><strong>L\u00e4s mer p\u00e5 Boardgamegeek<\/strong><\/a><\/p>","protected":false},"excerpt":{"rendered":"<p>F\u00e5 in s\u00e5 m\u00e5nga djur som m\u00f6jligt p\u00e5 nattklubben! Beasty Bar \u00e4r ett snabbt och kul kortspel om att bokstavligen g\u00e5 f\u00f6re i k\u00f6n!<\/p>","protected":false},"featured_media":47769,"template":"","meta":[],"product_brand":[],"product_cat":[31,63],"product_tag":[55],"class_list":{"0":"post-47768","1":"product","2":"type-product","3":"status-publish","4":"has-post-thumbnail","6":"product_cat-familjespel","7":"product_cat-kortspel","8":"product_tag-pegasus-spiele","10":"first","11":"instock","12":"taxable","13":"shipping-taxable","14":"purchasable","15":"product-type-simple"},"_links":{"self":[{"href":"https:\/\/www.alltpaettkort.com\/en\/wp-json\/wp\/v2\/product\/47768","targetHints":{"allow":["GET"]}}],"collection":[{"href":"https:\/\/www.alltpaettkort.com\/en\/wp-json\/wp\/v2\/product"}],"about":[{"href":"https:\/\/www.alltpaettkort.com\/en\/wp-json\/wp\/v2\/types\/product"}],"wp:featuredmedia":[{"embeddable":true,"href":"https:\/\/www.alltpaettkort.com\/en\/wp-json\/wp\/v2\/media\/47769"}],"wp:attachment":[{"href":"https:\/\/www.alltpaettkort.com\/en\/wp-json\/wp\/v2\/media?parent=47768"}],"wp:term":[{"taxonomy":"product_brand","embeddable":true,"href":"https:\/\/www.alltpaettkort.com\/en\/wp-json\/wp\/v2\/product_brand?post=47768"},{"taxonomy":"product_cat","embeddable":true,"href":"https:\/\/www.alltpaettkort.com\/en\/wp-json\/wp\/v2\/product_cat?post=47768"},{"taxonomy":"product_tag","embeddable":true,"href":"https:\/\/www.alltpaettkort.com\/en\/wp-json\/wp\/v2\/product_tag?post=47768"}],"curies":[{"name":"wp","href":"https:\/\/api.w.org\/{rel}","templated":true}]}}