{"id":47772,"date":"2023-11-06T09:04:03","date_gmt":"2023-11-06T09:04:03","guid":{"rendered":"https:\/\/www.alltpaettkort.com\/?post_type=product&#038;p=47772"},"modified":"2024-11-06T09:59:47","modified_gmt":"2024-11-06T09:59:47","slug":"betwixt-and-between-the-faery-queens-whim","status":"publish","type":"product","link":"https:\/\/www.alltpaettkort.com\/en\/product\/betwixt-and-between-the-faery-queens-whim\/","title":{"rendered":"Betwixt and Between: The Faery Queen&#8217;s Whim"},"content":{"rendered":"<p><em><strong>The Faery Queen&#8217;s Whim<\/strong><\/em> is the second expansion for <em>Betwixt and Between<\/em> that introduces thematic Whim Cards with different events and requests for every round of the game. The expansion also comes with 7 unique familiars that may accompany your Mystic on their adventure. Join path with a cunning crow, a loyal dog, a quick hare, an adventurous cat, a spiky hedgehog, a sneaky fox, or a loyal horse!<\/p>\n<p><a href=\"https:\/\/boardgamegeek.com\/boardgameexpansion\/391344\/betwixt-and-between-the-faery-queens-whim\"><strong>L\u00e4s mer p\u00e5 Boardgamegeek<\/strong><\/a><\/p>","protected":false},"excerpt":{"rendered":"<p>Den andra expansionen till Betwixt and Between som introducerar Whim-kort som \u00e4ndrar reglerna f\u00f6r varje runda, samt 7 unika familiars att rekrytera under spelets g\u00e5ng!<\/p>","protected":false},"featured_media":47774,"template":"","meta":[],"product_brand":[],"product_cat":[43],"product_tag":[489,614],"class_list":{"0":"post-47772","1":"product","2":"type-product","3":"status-publish","4":"has-post-thumbnail","6":"product_cat-expansion","7":"product_tag-all-or-none-games","8":"product_tag-betwixt-and-between","10":"first","11":"instock","12":"featured","13":"taxable","14":"shipping-taxable","15":"purchasable","16":"product-type-simple"},"_links":{"self":[{"href":"https:\/\/www.alltpaettkort.com\/en\/wp-json\/wp\/v2\/product\/47772","targetHints":{"allow":["GET"]}}],"collection":[{"href":"https:\/\/www.alltpaettkort.com\/en\/wp-json\/wp\/v2\/product"}],"about":[{"href":"https:\/\/www.alltpaettkort.com\/en\/wp-json\/wp\/v2\/types\/product"}],"wp:featuredmedia":[{"embeddable":true,"href":"https:\/\/www.alltpaettkort.com\/en\/wp-json\/wp\/v2\/media\/47774"}],"wp:attachment":[{"href":"https:\/\/www.alltpaettkort.com\/en\/wp-json\/wp\/v2\/media?parent=47772"}],"wp:term":[{"taxonomy":"product_brand","embeddable":true,"href":"https:\/\/www.alltpaettkort.com\/en\/wp-json\/wp\/v2\/product_brand?post=47772"},{"taxonomy":"product_cat","embeddable":true,"href":"https:\/\/www.alltpaettkort.com\/en\/wp-json\/wp\/v2\/product_cat?post=47772"},{"taxonomy":"product_tag","embeddable":true,"href":"https:\/\/www.alltpaettkort.com\/en\/wp-json\/wp\/v2\/product_tag?post=47772"}],"curies":[{"name":"wp","href":"https:\/\/api.w.org\/{rel}","templated":true}]}}