{"id":47794,"date":"2023-08-06T09:48:56","date_gmt":"2023-08-06T09:48:56","guid":{"rendered":"https:\/\/www.alltpaettkort.com\/?post_type=product&#038;p=47794"},"modified":"2024-11-06T09:58:58","modified_gmt":"2024-11-06T09:58:58","slug":"goons-the-junkyard-expansion","status":"publish","type":"product","link":"https:\/\/www.alltpaettkort.com\/en\/product\/goons-the-junkyard-expansion\/","title":{"rendered":"Goons: The Junkyard Expansion"},"content":{"rendered":"<p><em><strong>The Junkyard Expansion<\/strong><\/em> for Goons introduces a brand new Junkyard location to finally give players a chance to do something useful with all those annoying junk cubes laying around! Just snatch a junk cube, take it to the Junkyard and trade it for something useful! Just keep in mind that the Junkyard might want a little something in return&#8230;<\/p>\n<p>The expansion also introduces 5 new Items to throw your money at. Get a hold of a super gnarly skateboard, badass nunchucks, a can of refreshing Knuckle Soda, gloves or a butterfly knife!<\/p>\n<p>And of course, 4 more zany Villains with new Schemes presenting new risk, rewards and challenges! Will you throw your support behind Big Carls wacky wildlife shenanigans? Join Aztro\u2019s psychedelic pattern based schemes, support Teresas explosive plans, or help The Void perform his uncanny rites?<\/p>\n<p><a href=\"https:\/\/boardgamegeek.com\/boardgameexpansion\/337615\/goons-the-junkyard-expansion\"><strong>L\u00e4s mer p\u00e5 Boardgamegeek<\/strong><\/a><\/p>","protected":false},"excerpt":{"rendered":"<p>Expansion till Goons med 4 nya excentriska skurkar att anv\u00e4nda i spelet, samt nya f\u00f6rem\u00e5l och en Junkyard-spelplan!<\/p>","protected":false},"featured_media":47795,"template":"","meta":[],"product_brand":[],"product_cat":[43],"product_tag":[489,548],"class_list":{"0":"post-47794","1":"product","2":"type-product","3":"status-publish","4":"has-post-thumbnail","6":"product_cat-expansion","7":"product_tag-all-or-none-games","8":"product_tag-goons","10":"first","11":"instock","12":"taxable","13":"shipping-taxable","14":"purchasable","15":"product-type-simple"},"_links":{"self":[{"href":"https:\/\/www.alltpaettkort.com\/en\/wp-json\/wp\/v2\/product\/47794","targetHints":{"allow":["GET"]}}],"collection":[{"href":"https:\/\/www.alltpaettkort.com\/en\/wp-json\/wp\/v2\/product"}],"about":[{"href":"https:\/\/www.alltpaettkort.com\/en\/wp-json\/wp\/v2\/types\/product"}],"wp:featuredmedia":[{"embeddable":true,"href":"https:\/\/www.alltpaettkort.com\/en\/wp-json\/wp\/v2\/media\/47795"}],"wp:attachment":[{"href":"https:\/\/www.alltpaettkort.com\/en\/wp-json\/wp\/v2\/media?parent=47794"}],"wp:term":[{"taxonomy":"product_brand","embeddable":true,"href":"https:\/\/www.alltpaettkort.com\/en\/wp-json\/wp\/v2\/product_brand?post=47794"},{"taxonomy":"product_cat","embeddable":true,"href":"https:\/\/www.alltpaettkort.com\/en\/wp-json\/wp\/v2\/product_cat?post=47794"},{"taxonomy":"product_tag","embeddable":true,"href":"https:\/\/www.alltpaettkort.com\/en\/wp-json\/wp\/v2\/product_tag?post=47794"}],"curies":[{"name":"wp","href":"https:\/\/api.w.org\/{rel}","templated":true}]}}