{"id":47797,"date":"2023-11-06T10:24:58","date_gmt":"2023-11-06T10:24:58","guid":{"rendered":"https:\/\/www.alltpaettkort.com\/?post_type=product&#038;p=47797"},"modified":"2024-11-06T10:32:15","modified_gmt":"2024-11-06T10:32:15","slug":"box-monster","status":"publish","type":"product","link":"https:\/\/www.alltpaettkort.com\/en\/product\/box-monster\/","title":{"rendered":"Box Monster"},"content":{"rendered":"<p>A silly monster lives in my house!<br \/>\nBox monster eats everything in my room. A piece of pizza, my teddy bear and even grandma&#8217;s false teeth! Then he has always stomach problem, of course. Help him to take out from his mouths the bad things he ate.<\/p>\n<p>Game Play<\/p>\n<ol>\n<li>Put all stuff tokens in the box and shake it.<\/li>\n<li>Shuffle the stuff cards and place the deck on the top of the box with hour glass and 3 life tokens.<\/li>\n<li>reveal the top of the stuff card and check the stuffs on it.<\/li>\n<li>Players put their hand in the same time inside the Box monster through the holes on 4 sides of the box.<\/li>\n<li>They have limited time to find the things by their shape.<\/li>\n<li>2 Players always need to take out the same thing at the same time from the Box Monster to clear the mission.<\/li>\n<li>When they success, reveal the next card and turn the hourglass.<\/li>\n<li>If they failed to find the stuffs in time, they lose 1 life token.<\/li>\n<\/ol>\n<p>When they lose 3 life tokens, the game is over.<br \/>\nWhen they finish all stuff cards, win the game.<\/p>\n<p><strong>F\u00f6r 2-4 spelare<\/strong><br \/>\n<strong>10-20 min speltid<\/strong><br \/>\n<strong>Rekommenderad \u00e5lder: 6+<\/strong><br \/>\n<a href=\"https:\/\/boardgamegeek.com\/boardgame\/284299\/box-monster\"><strong>L\u00e4s mer p\u00e5 Boardgamegeek<\/strong><\/a><\/p>","protected":false},"excerpt":{"rendered":"<p>Charmigt samarbetsspel om att stoppa in handen i Monstrets mage f\u00f6r att f\u00f6rs\u00f6ka hitta olika f\u00f6rem\u00e5l!<\/p>","protected":false},"featured_media":47800,"template":"","meta":[],"product_brand":[],"product_cat":[69,31],"product_tag":[],"class_list":{"0":"post-47797","1":"product","2":"type-product","3":"status-publish","4":"has-post-thumbnail","6":"product_cat-barnspel","7":"product_cat-familjespel","9":"first","10":"instock","11":"taxable","12":"shipping-taxable","13":"purchasable","14":"product-type-simple"},"_links":{"self":[{"href":"https:\/\/www.alltpaettkort.com\/en\/wp-json\/wp\/v2\/product\/47797","targetHints":{"allow":["GET"]}}],"collection":[{"href":"https:\/\/www.alltpaettkort.com\/en\/wp-json\/wp\/v2\/product"}],"about":[{"href":"https:\/\/www.alltpaettkort.com\/en\/wp-json\/wp\/v2\/types\/product"}],"wp:featuredmedia":[{"embeddable":true,"href":"https:\/\/www.alltpaettkort.com\/en\/wp-json\/wp\/v2\/media\/47800"}],"wp:attachment":[{"href":"https:\/\/www.alltpaettkort.com\/en\/wp-json\/wp\/v2\/media?parent=47797"}],"wp:term":[{"taxonomy":"product_brand","embeddable":true,"href":"https:\/\/www.alltpaettkort.com\/en\/wp-json\/wp\/v2\/product_brand?post=47797"},{"taxonomy":"product_cat","embeddable":true,"href":"https:\/\/www.alltpaettkort.com\/en\/wp-json\/wp\/v2\/product_cat?post=47797"},{"taxonomy":"product_tag","embeddable":true,"href":"https:\/\/www.alltpaettkort.com\/en\/wp-json\/wp\/v2\/product_tag?post=47797"}],"curies":[{"name":"wp","href":"https:\/\/api.w.org\/{rel}","templated":true}]}}