{"id":47898,"date":"2024-12-03T18:53:20","date_gmt":"2024-12-03T18:53:20","guid":{"rendered":"https:\/\/www.alltpaettkort.com\/?post_type=product&#038;p=47898"},"modified":"2024-12-03T19:06:35","modified_gmt":"2024-12-03T19:06:35","slug":"allmoge","status":"publish","type":"product","link":"https:\/\/www.alltpaettkort.com\/en\/product\/allmoge\/","title":{"rendered":"Allmoge"},"content":{"rendered":"<p>&#8221;Allmoge paintings&#8221; are traditional Swedish folk art characterized by intricate, hand-painted designs typically found on items such as bridal chests and other furniture.<\/p>\n<p>In a game of <em><strong>Allmoge<\/strong><\/em> players take turns drafting pattern cards from a central supply to build their own pattern. The central supply is organized in alternating layers of open and hidden cards where the lower layers partially cover the higher layers. Drafting starts from the bottom and then moves up as the cards become uncovered.<\/p>\n<p>Most of the symbols on the cards are placed over the edge, requiring 2 cards with similar symbols at the edges to create a complete symbol.<\/p>\n<p>A round is over when all cards have been drafted, after each round the starting player changes to the left and when all players have been starting player the game is over.<\/p>\n<p>At the end of the game each complete symbol in a player&#8217;s pattern are worth 1 point and special icons like the Dala horse earns extra points per Dala horse in the player&#8217;s pattern (1 -&gt; 1 point 2 -&gt; 4, 3 -&gt; 9 and so on), birds (1 point per adjacent symbol) and blue\/yellow flowers (1 point per blue flower in the pattern).<\/p>\n<p>The player with the most points win.<\/p>\n<p><strong>F\u00f6r 2-4 spelare<\/strong><br \/>\n<strong>15-40 min speltid<\/strong><br \/>\n<strong>Rekommenderad \u00e5lder: 6+<\/strong><br \/>\n<a href=\"https:\/\/boardgamegeek.com\/boardgame\/430461\/allmoge\"><strong>L\u00e4s mer p\u00e5 Boardgamegeek<\/strong><\/a><\/p>","protected":false},"excerpt":{"rendered":"<p>Ett svenskutvecklat helmysigt kortspel om att bygga ihop vackra allmoge-m\u00f6nster! Inneh\u00e5ller dessutom en av de m\u00e4ktigaste f\u00f6rstaspelar-mark\u00f6rerna n\u00e5gonsin, Dalah\u00e4st-meeplen!<\/p>","protected":false},"featured_media":47899,"template":"","meta":[],"product_brand":[],"product_cat":[31,63,30],"product_tag":[551],"class_list":{"0":"post-47898","1":"product","2":"type-product","3":"status-publish","4":"has-post-thumbnail","6":"product_cat-familjespel","7":"product_cat-kortspel","8":"product_cat-sallskapsspel","9":"product_tag-games-by-lyck","11":"first","12":"instock","13":"taxable","14":"shipping-taxable","15":"purchasable","16":"product-type-simple"},"_links":{"self":[{"href":"https:\/\/www.alltpaettkort.com\/en\/wp-json\/wp\/v2\/product\/47898","targetHints":{"allow":["GET"]}}],"collection":[{"href":"https:\/\/www.alltpaettkort.com\/en\/wp-json\/wp\/v2\/product"}],"about":[{"href":"https:\/\/www.alltpaettkort.com\/en\/wp-json\/wp\/v2\/types\/product"}],"wp:featuredmedia":[{"embeddable":true,"href":"https:\/\/www.alltpaettkort.com\/en\/wp-json\/wp\/v2\/media\/47899"}],"wp:attachment":[{"href":"https:\/\/www.alltpaettkort.com\/en\/wp-json\/wp\/v2\/media?parent=47898"}],"wp:term":[{"taxonomy":"product_brand","embeddable":true,"href":"https:\/\/www.alltpaettkort.com\/en\/wp-json\/wp\/v2\/product_brand?post=47898"},{"taxonomy":"product_cat","embeddable":true,"href":"https:\/\/www.alltpaettkort.com\/en\/wp-json\/wp\/v2\/product_cat?post=47898"},{"taxonomy":"product_tag","embeddable":true,"href":"https:\/\/www.alltpaettkort.com\/en\/wp-json\/wp\/v2\/product_tag?post=47898"}],"curies":[{"name":"wp","href":"https:\/\/api.w.org\/{rel}","templated":true}]}}