{"id":48255,"date":"2024-08-20T09:52:26","date_gmt":"2024-08-20T09:52:26","guid":{"rendered":"https:\/\/www.alltpaettkort.com\/?post_type=product&#038;p=48255"},"modified":"2025-12-03T18:02:18","modified_gmt":"2025-12-03T18:02:18","slug":"twilight-imperium-fourth-edition-thunders-edge-preorder","status":"publish","type":"product","link":"https:\/\/www.alltpaettkort.com\/en\/product\/twilight-imperium-fourth-edition-thunders-edge-preorder\/","title":{"rendered":"Twilight Imperium (Fourth Edition): Thunder&#8217;s Edge"},"content":{"rendered":"<p>The galaxy stands on the edge of a blade. A great struggle is coming, and only the greatest among them all will triumph.<\/p>\n<p>Welcome to <em><strong>Thunder\u2019s Edge<\/strong><\/em>, a new expansion for <em>Twilight Imperium 4th Edition<\/em>! This colossal expansion brings the classic interstellar conflict to a breaking point, where everything revolves around the titular planet of Thunder\u2019s Edge. New factions take to the galactic stage, new worlds emerge for you to explore (or exploit), and a suite of Galactic Events\u2014modifiers that change the rules of the game\u2014ensure that no two playthroughs will ever be the same.<\/p>\n<p>Also included is the brand-new Twilight\u2019s Fall mode, an alternate way to play Twilight Imperium. Take up the mantle of a mad Mahact king, build your own custom faction from the scraps of interstellar civilization, and battle to become the supreme ruler of the galaxy. This mode comes with its own spread of unique components, making it almost an entirely new game!<\/p>\n<p><strong><a href=\"https:\/\/boardgamegeek.com\/boardgameexpansion\/451388\/twilight-imperium-fourth-edition-thunders-edge\" target=\"_blank\" rel=\"noopener noreferrer\">L\u00e4s mer p\u00e5 Boardgamegeek<\/a><\/strong><\/p>","protected":false},"excerpt":{"rendered":"<p>Ny maffig expansion till den fj\u00e4rde utg\u00e5van av Twilight Imperium fullpackad med nya raser och v\u00e4rldar att utforska, samt ett helt nytt s\u00e4tt att uppleva spelet, Twilight\u2019s Fall! OBS. Gratis frakt inom Sverige!<\/p>","protected":false},"featured_media":48257,"template":"","meta":[],"product_brand":[],"product_cat":[43],"product_tag":[18,19,68],"class_list":{"0":"post-48255","1":"product","2":"type-product","3":"status-publish","4":"has-post-thumbnail","6":"product_cat-expansion","7":"product_tag-fantasy-flight-games","8":"product_tag-sci-fi","9":"product_tag-twilight-imperium","11":"first","12":"outofstock","13":"taxable","14":"shipping-taxable","15":"purchasable","16":"product-type-simple"},"_links":{"self":[{"href":"https:\/\/www.alltpaettkort.com\/en\/wp-json\/wp\/v2\/product\/48255","targetHints":{"allow":["GET"]}}],"collection":[{"href":"https:\/\/www.alltpaettkort.com\/en\/wp-json\/wp\/v2\/product"}],"about":[{"href":"https:\/\/www.alltpaettkort.com\/en\/wp-json\/wp\/v2\/types\/product"}],"wp:featuredmedia":[{"embeddable":true,"href":"https:\/\/www.alltpaettkort.com\/en\/wp-json\/wp\/v2\/media\/48257"}],"wp:attachment":[{"href":"https:\/\/www.alltpaettkort.com\/en\/wp-json\/wp\/v2\/media?parent=48255"}],"wp:term":[{"taxonomy":"product_brand","embeddable":true,"href":"https:\/\/www.alltpaettkort.com\/en\/wp-json\/wp\/v2\/product_brand?post=48255"},{"taxonomy":"product_cat","embeddable":true,"href":"https:\/\/www.alltpaettkort.com\/en\/wp-json\/wp\/v2\/product_cat?post=48255"},{"taxonomy":"product_tag","embeddable":true,"href":"https:\/\/www.alltpaettkort.com\/en\/wp-json\/wp\/v2\/product_tag?post=48255"}],"curies":[{"name":"wp","href":"https:\/\/api.w.org\/{rel}","templated":true}]}}