{"id":48525,"date":"2026-04-01T11:52:58","date_gmt":"2026-04-01T11:52:58","guid":{"rendered":"https:\/\/www.alltpaettkort.com\/?post_type=product&#038;p=48525"},"modified":"2026-04-13T12:24:57","modified_gmt":"2026-04-13T12:24:57","slug":"diceocracy","status":"publish","type":"product","link":"https:\/\/www.alltpaettkort.com\/en\/product\/diceocracy\/","title":{"rendered":"Diceocracy"},"content":{"rendered":"<p><em>Ever since you were a kid, your mama told you that you\u2019re destined for grand things! So you&#8217;re pretty certain that things can only be better with more &#8221;you&#8221; in it! Well, it\u2019s finally time for more YOU \u2026in the name of democracy! It just so happens there is an election in the city of Dicetopia coming up! As one of the promising stop-for-nothing candidates, you call for change and aim to enlighten the public of your magnificence\u2026 and you know, also make some stuff\u2026 better! It\u2019s only one teeny tiny little \u201dproblem\u201d &#8211; Democracy is kind of up to the people, and the people are in this particular case\u2026 well, DICE!<\/em><\/p>\n<p>In Diceocracy, you will use your political skills to attract voters from different districts and introduce them to your jaw-dropping politics by \u201dany means necessary\u201d, you know, as long as you can get away with it anyway. The goal of the game is to get the most votes by just being YOU, with a fair bit of stern persuasion and political tricks.<\/p>\n<p>Throughout the game, players will send out their representatives to recruit followers and influence the political landscape with different clever actions. Players will manipulate dice values and positions, take control over districts and shift representatives around. They will fundraise, advertise and use their dice followers to achieve populistic goals for increased popularity.<\/p>\n<p>By the end of the game, votes are counted from successfully pulled off political stunts, secret agendas, controlled districts and popularity among the different demographic groups!<\/p>\n<p>The candidate with the most votes wins the election and the game!<\/p>\n<p><strong>F\u00f6r 1-4 spelare<\/strong><br \/>\n<strong>60-90 min speltid<\/strong><br \/>\n<strong>Rekommenderad \u00e5lder: 12+<\/strong><br \/>\n<a href=\"https:\/\/boardgamegeek.com\/boardgame\/400499\/diceocracy\"><strong>L\u00e4s mer p\u00e5 Boardgamegeek<\/strong><\/a><\/p>","protected":false},"excerpt":{"rendered":"<p>Vinn valet f\u00f6r din kandidat i en korrupt framtid d\u00e4r m\u00e4nniskor representeras av t\u00e4rningar!<\/p>","protected":false},"featured_media":48526,"template":"","meta":[],"product_brand":[],"product_cat":[17],"product_tag":[489],"class_list":{"0":"post-48525","1":"product","2":"type-product","3":"status-publish","4":"has-post-thumbnail","6":"product_cat-strategispel","7":"product_tag-all-or-none-games","9":"first","10":"instock","11":"taxable","12":"shipping-taxable","13":"purchasable","14":"product-type-simple"},"_links":{"self":[{"href":"https:\/\/www.alltpaettkort.com\/en\/wp-json\/wp\/v2\/product\/48525","targetHints":{"allow":["GET"]}}],"collection":[{"href":"https:\/\/www.alltpaettkort.com\/en\/wp-json\/wp\/v2\/product"}],"about":[{"href":"https:\/\/www.alltpaettkort.com\/en\/wp-json\/wp\/v2\/types\/product"}],"wp:featuredmedia":[{"embeddable":true,"href":"https:\/\/www.alltpaettkort.com\/en\/wp-json\/wp\/v2\/media\/48526"}],"wp:attachment":[{"href":"https:\/\/www.alltpaettkort.com\/en\/wp-json\/wp\/v2\/media?parent=48525"}],"wp:term":[{"taxonomy":"product_brand","embeddable":true,"href":"https:\/\/www.alltpaettkort.com\/en\/wp-json\/wp\/v2\/product_brand?post=48525"},{"taxonomy":"product_cat","embeddable":true,"href":"https:\/\/www.alltpaettkort.com\/en\/wp-json\/wp\/v2\/product_cat?post=48525"},{"taxonomy":"product_tag","embeddable":true,"href":"https:\/\/www.alltpaettkort.com\/en\/wp-json\/wp\/v2\/product_tag?post=48525"}],"curies":[{"name":"wp","href":"https:\/\/api.w.org\/{rel}","templated":true}]}}