{"id":5637,"date":"2020-02-28T10:18:04","date_gmt":"2020-02-28T10:18:04","guid":{"rendered":"https:\/\/www.alltpaettkort.com\/produkt\/presentkort-500\/"},"modified":"2022-01-12T18:54:30","modified_gmt":"2022-01-12T18:54:30","slug":"presentkort-500","status":"publish","type":"product","link":"https:\/\/www.alltpaettkort.com\/en\/product\/presentkort-500\/","title":{"rendered":"Presentkort 500"},"content":{"rendered":"<p>OBS! Medlemsrabatten \u00e4r ej applicerbar p\u00e5 Presentkort. S\u00e5dana orders kommer att \u00e5terbetalas.<\/p>","protected":false},"excerpt":{"rendered":"<p>\u00d6verraska en speltokig v\u00e4n med ett trevligt presentkort p\u00e5 500 kr hos oss! Presentkortet skickas digitalt via mail i form av en pdf-fil.<strong><br \/>\n<\/strong><\/p>","protected":false},"featured_media":5638,"template":"","meta":[],"product_brand":[],"product_cat":[103],"product_tag":[227],"class_list":{"0":"post-5637","1":"product","2":"type-product","3":"status-publish","4":"has-post-thumbnail","6":"product_cat-tillbehor","7":"product_tag-presentkort","9":"first","10":"instock","11":"virtual","12":"taxable","13":"purchasable","14":"product-type-simple"},"_links":{"self":[{"href":"https:\/\/www.alltpaettkort.com\/en\/wp-json\/wp\/v2\/product\/5637","targetHints":{"allow":["GET"]}}],"collection":[{"href":"https:\/\/www.alltpaettkort.com\/en\/wp-json\/wp\/v2\/product"}],"about":[{"href":"https:\/\/www.alltpaettkort.com\/en\/wp-json\/wp\/v2\/types\/product"}],"wp:featuredmedia":[{"embeddable":true,"href":"https:\/\/www.alltpaettkort.com\/en\/wp-json\/wp\/v2\/media\/5638"}],"wp:attachment":[{"href":"https:\/\/www.alltpaettkort.com\/en\/wp-json\/wp\/v2\/media?parent=5637"}],"wp:term":[{"taxonomy":"product_brand","embeddable":true,"href":"https:\/\/www.alltpaettkort.com\/en\/wp-json\/wp\/v2\/product_brand?post=5637"},{"taxonomy":"product_cat","embeddable":true,"href":"https:\/\/www.alltpaettkort.com\/en\/wp-json\/wp\/v2\/product_cat?post=5637"},{"taxonomy":"product_tag","embeddable":true,"href":"https:\/\/www.alltpaettkort.com\/en\/wp-json\/wp\/v2\/product_tag?post=5637"}],"curies":[{"name":"wp","href":"https:\/\/api.w.org\/{rel}","templated":true}]}}