{"id":656,"date":"2017-11-06T09:17:10","date_gmt":"2017-11-06T09:17:10","guid":{"rendered":"https:\/\/www.alltpaettkort.com\/produkt\/talisman-the-blood-moon-expansion\/"},"modified":"2022-01-12T18:51:33","modified_gmt":"2022-01-12T18:51:33","slug":"talisman-the-blood-moon-expansion","status":"publish","type":"product","link":"https:\/\/www.alltpaettkort.com\/en\/product\/talisman-the-blood-moon-expansion\/","title":{"rendered":"Talisman: The Blood Moon Expansion"},"content":{"rendered":"<p><em>Once in a generation, the Blood Moon begins its fell cycle, bathing the realm in a pallid light. Compelled by its sinister presence, the restless dead rise from their graves, vampires hunt for unwary prey, and witches engage in nocturnal rituals. Worse yet, the horrifying Werewolf prowls the night, seeking heroes with whom to share his curse.<\/em><\/p>\n<p><em>The Blood Moon<\/em>\u00a0is an exciting expansion for the classic board game Talisman! With over 100 Adventure Cards, plus new spells, characters, and alternative endings,\u00a0<em>The Blood Moon<\/em>\u00a0adds a gripping layer of gothic horror to your quest for the Crown of Command. In addition to a host of new challenges,\u00a0<em>The Blood Moon<\/em>\u00a0introduces two engaging mechanics: time alternates between \u201cDay\u201d and \u201cNight,\u201d and a bloodthirsty Werewolf prowls the land. The new Time Card flips between its Day and Night sides to indicate the inexorable passage of time, introducing a range of engaging new game effects depending on its status. Meanwhile, a horrifying Werewolf preys on Adventurers who wander into his hunting grounds.<\/p>\n<p><em>The Blood Moon<\/em>\u00a0includes:<\/p>\n<ul>\n<li>111 Adventure Cards, 10 Spell Cards, 1 Time Card, and 6 Lycanthrope Cards<\/li>\n<li>3 new Alternative Ending cards<\/li>\n<li>3 new character cards and plastic figures<\/li>\n<li>1 Werewolf card and plastic figure<\/li>\n<\/ul>\n<p><strong> <a href=\"http:\/\/boardgamegeek.com\/boardgameexpansion\/121786\/talisman-fourth-edition-the-blood-moon-expansion\" target=\"_blank\" rel=\"noopener\">L\u00e4s mer p\u00e5 Boardgamegeek<\/a>\u00a0<\/strong><\/p>","protected":false},"excerpt":{"rendered":"<p>\u00c4nnu mer Talisman-godis! Massvis av nya \u00e4ventyrskort, besv\u00e4rjelser, alternativa slut, \u00e4ventyrare (3), nytt dag &amp; natt-system, och sist men inte minst en rej\u00e4l r\u00e5biff till varulv som fl\u00e5sar en i hasorna!\u00a0<em>Det h\u00e4r \u00e4r den senaste utg\u00e5van fr\u00e5n Games Workshop som \u00e4r fullt kompatibel med den tidigare utg\u00e5van fr\u00e5n Fantasy Flight Games.<\/em><\/p>","protected":false},"featured_media":657,"template":"","meta":[],"product_brand":[],"product_cat":[43],"product_tag":[20,46,47],"class_list":{"0":"post-656","1":"product","2":"type-product","3":"status-publish","4":"has-post-thumbnail","6":"product_cat-expansion","7":"product_tag-fantasy","8":"product_tag-games-workshop","9":"product_tag-talisman","11":"first","12":"outofstock","13":"taxable","14":"shipping-taxable","15":"purchasable","16":"product-type-simple"},"_links":{"self":[{"href":"https:\/\/www.alltpaettkort.com\/en\/wp-json\/wp\/v2\/product\/656","targetHints":{"allow":["GET"]}}],"collection":[{"href":"https:\/\/www.alltpaettkort.com\/en\/wp-json\/wp\/v2\/product"}],"about":[{"href":"https:\/\/www.alltpaettkort.com\/en\/wp-json\/wp\/v2\/types\/product"}],"wp:featuredmedia":[{"embeddable":true,"href":"https:\/\/www.alltpaettkort.com\/en\/wp-json\/wp\/v2\/media\/657"}],"wp:attachment":[{"href":"https:\/\/www.alltpaettkort.com\/en\/wp-json\/wp\/v2\/media?parent=656"}],"wp:term":[{"taxonomy":"product_brand","embeddable":true,"href":"https:\/\/www.alltpaettkort.com\/en\/wp-json\/wp\/v2\/product_brand?post=656"},{"taxonomy":"product_cat","embeddable":true,"href":"https:\/\/www.alltpaettkort.com\/en\/wp-json\/wp\/v2\/product_cat?post=656"},{"taxonomy":"product_tag","embeddable":true,"href":"https:\/\/www.alltpaettkort.com\/en\/wp-json\/wp\/v2\/product_tag?post=656"}],"curies":[{"name":"wp","href":"https:\/\/api.w.org\/{rel}","templated":true}]}}