{"id":6567,"date":"2024-09-18T14:04:46","date_gmt":"2024-09-18T14:04:46","guid":{"rendered":"https:\/\/www.alltpaettkort.com\/produkt\/allt-pa-ett-kort-kortlek\/"},"modified":"2026-05-09T08:52:58","modified_gmt":"2026-05-09T08:52:58","slug":"allt-pa-ett-kort-kortlek","status":"publish","type":"product","link":"https:\/\/www.alltpaettkort.com\/en\/product\/allt-pa-ett-kort-kortlek\/","title":{"rendered":"Allt p\u00e5 ett kort-kortlek"},"content":{"rendered":"<p><em>* 54 card deck in standard poker-size of 2.5&#8221; x 3.5&#8221; (63.5mm x 89mm)<\/em><br \/>\n<em> * Premium 310gsm casino quality cardstock plastic coated (linen finish)<\/em><\/p>","protected":false},"excerpt":{"rendered":"<p>Kolossalt tjusig kortlek av prima kvalit\u00e9 med allas v\u00e5rt favoritmotiv av fantastiska <a href=\"http:\/\/liselotteeriksson.com\" target=\"_blank\" rel=\"noopener\">Liselotte Eriksson<\/a> p\u00e5 ryggen! Kortleken kommer \u00e4ven paketerad i en mycket tjusig pappkartong f\u00f6r smidig f\u00f6rvaring!<em>\u00a0<\/em><\/p>","protected":false},"featured_media":6568,"template":"","meta":[],"product_brand":[],"product_cat":[63,103],"product_tag":[],"class_list":{"0":"post-6567","1":"product","2":"type-product","3":"status-publish","4":"has-post-thumbnail","6":"product_cat-kortspel","7":"product_cat-tillbehor","9":"first","10":"instock","11":"taxable","12":"shipping-taxable","13":"purchasable","14":"product-type-simple"},"_links":{"self":[{"href":"https:\/\/www.alltpaettkort.com\/en\/wp-json\/wp\/v2\/product\/6567","targetHints":{"allow":["GET"]}}],"collection":[{"href":"https:\/\/www.alltpaettkort.com\/en\/wp-json\/wp\/v2\/product"}],"about":[{"href":"https:\/\/www.alltpaettkort.com\/en\/wp-json\/wp\/v2\/types\/product"}],"wp:featuredmedia":[{"embeddable":true,"href":"https:\/\/www.alltpaettkort.com\/en\/wp-json\/wp\/v2\/media\/6568"}],"wp:attachment":[{"href":"https:\/\/www.alltpaettkort.com\/en\/wp-json\/wp\/v2\/media?parent=6567"}],"wp:term":[{"taxonomy":"product_brand","embeddable":true,"href":"https:\/\/www.alltpaettkort.com\/en\/wp-json\/wp\/v2\/product_brand?post=6567"},{"taxonomy":"product_cat","embeddable":true,"href":"https:\/\/www.alltpaettkort.com\/en\/wp-json\/wp\/v2\/product_cat?post=6567"},{"taxonomy":"product_tag","embeddable":true,"href":"https:\/\/www.alltpaettkort.com\/en\/wp-json\/wp\/v2\/product_tag?post=6567"}],"curies":[{"name":"wp","href":"https:\/\/api.w.org\/{rel}","templated":true}]}}