{"id":7821,"date":"2016-12-13T14:12:25","date_gmt":"2016-12-13T14:12:25","guid":{"rendered":"https:\/\/www.alltpaettkort.com\/produkt\/king-of-tokyo-svensk-utgava\/"},"modified":"2022-01-12T18:55:08","modified_gmt":"2022-01-12T18:55:08","slug":"king-of-tokyo-svensk-utgava","status":"publish","type":"product","link":"https:\/\/www.alltpaettkort.com\/en\/product\/king-of-tokyo-svensk-utgava\/","title":{"rendered":"King of Tokyo: 2nd Edition (svensk utg\u00e5va)"},"content":{"rendered":"<p><em>Spela ett gigantiskt monster p\u00e5 b\u00e4rs\u00e4rkag\u00e5ng genom staden Tokyo!<\/em><br \/>\n<em>Sl\u00e5 t\u00e4rningar och f\u00e5 de b\u00e4sta kombinationerna f\u00f6r att hela dig sj\u00e4lv, attackera, k\u00f6pa speciella kort eller f\u00e5 po\u00e4ng. Det \u00e4r upp till dig att v\u00e4lja den b\u00e4sta taktiken f\u00f6r att bli Kung av Tokyo och p\u00e5 v\u00e4gen eliminera alla dina motst\u00e5ndare, en efter en eller alla i en massiv attack&#8230; Den som f\u00f6rst f\u00e5r 20 po\u00e4ng&#8230; eller \u00e4r siste \u00f6verlevande&#8230; vinner spelet.<\/em><\/p>\n<p><strong>F\u00f6r 2-6 spelare<\/strong><br \/>\n<strong>30 min speltid<\/strong><br \/>\n<strong>Rekommenderad \u00e5lder: 8 <\/strong><strong><a href=\"http:\/\/files.boardgamegeek.com\/file\/download\/6g4tvd816s\/KingofTokyo-ReglesUS-light.pdf?\" target=\"_blank\" rel=\"noopener\"><br \/>\n<\/a><a href=\"http:\/\/boardgamegeek.com\/boardgame\/70323\/king-of-tokyo\" target=\"_blank\" rel=\"noopener\">L\u00e4s mer p\u00e5 Boardgamegeek<\/a><\/strong><\/p>","protected":false},"excerpt":{"rendered":"<p>Monster k\u00e4mpar f\u00f6r dominansen \u00f6ver ett brinnande Tokyo i Magic the Gathering-skaparen Richard Garfields underbara King of Tokyo. Otroligt enkelt och snabbspelat med 2 ton destruktivt monsterskoj med glimten i \u00f6gat! Nu \u00e4ntligen i en ny andra tjusig svensk utg\u00e5va!<\/p>","protected":false},"featured_media":7822,"template":"","meta":[],"product_brand":[],"product_cat":[31,38,39],"product_tag":[41],"class_list":{"0":"post-7821","1":"product","2":"type-product","3":"status-publish","4":"has-post-thumbnail","6":"product_cat-familjespel","7":"product_cat-partyspel","8":"product_cat-tarningsspel","9":"product_tag-king-of-tokyo","11":"first","12":"outofstock","13":"taxable","14":"shipping-taxable","15":"purchasable","16":"product-type-simple"},"_links":{"self":[{"href":"https:\/\/www.alltpaettkort.com\/en\/wp-json\/wp\/v2\/product\/7821","targetHints":{"allow":["GET"]}}],"collection":[{"href":"https:\/\/www.alltpaettkort.com\/en\/wp-json\/wp\/v2\/product"}],"about":[{"href":"https:\/\/www.alltpaettkort.com\/en\/wp-json\/wp\/v2\/types\/product"}],"wp:featuredmedia":[{"embeddable":true,"href":"https:\/\/www.alltpaettkort.com\/en\/wp-json\/wp\/v2\/media\/7822"}],"wp:attachment":[{"href":"https:\/\/www.alltpaettkort.com\/en\/wp-json\/wp\/v2\/media?parent=7821"}],"wp:term":[{"taxonomy":"product_brand","embeddable":true,"href":"https:\/\/www.alltpaettkort.com\/en\/wp-json\/wp\/v2\/product_brand?post=7821"},{"taxonomy":"product_cat","embeddable":true,"href":"https:\/\/www.alltpaettkort.com\/en\/wp-json\/wp\/v2\/product_cat?post=7821"},{"taxonomy":"product_tag","embeddable":true,"href":"https:\/\/www.alltpaettkort.com\/en\/wp-json\/wp\/v2\/product_tag?post=7821"}],"curies":[{"name":"wp","href":"https:\/\/api.w.org\/{rel}","templated":true}]}}