{"id":8229,"date":"2017-10-25T09:37:10","date_gmt":"2017-10-25T09:37:10","guid":{"rendered":"https:\/\/www.alltpaettkort.com\/produkt\/king-of-tokyo-halloween\/"},"modified":"2022-01-12T18:55:11","modified_gmt":"2022-01-12T18:55:11","slug":"king-of-tokyo-halloween","status":"publish","type":"product","link":"https:\/\/www.alltpaettkort.com\/en\/product\/king-of-tokyo-halloween\/","title":{"rendered":"King of Tokyo: Halloween (2017 edition)"},"content":{"rendered":"<p>It\u2019s Halloween and you\u2019re invited to the party! Please dress up appropriately to welcome the two newcomers: the despicable\u00a0Pumpkin Jack and the terrifying Boogie Woogie! Both of them come with Evolution cards that have some tricks in store!<\/p>\n<p>Contents:<\/p>\n<ul>\n<li>16 Evolution cards<\/li>\n<li>1 Pumpkin Jack monster board<\/li>\n<li>1 Boogie Woogie monster board<\/li>\n<li>2 cardboard figurines and stands<\/li>\n<li>6 Halloween dice<\/li>\n<li>12 Costume cards<\/li>\n<li>1 rulebook<\/li>\n<\/ul>\n<p><strong><a href=\"https:\/\/boardgamegeek.com\/boardgameexpansion\/147183\/king-tokyo-halloween\" target=\"_blank\" rel=\"noopener\">L\u00e4s mer p\u00e5 Boardgamegeek<\/a><\/strong><\/p>","protected":false},"excerpt":{"rendered":"<p>Oemotst\u00e5ndlig Halloween-expansion till King of Tokyo med h\u00e4rligt pumpaf\u00e4rgade t\u00e4rningar, tv\u00e5 nya monster (Pumpkin Jack &amp; Boogey Woogey) och\u00a0Costume\u00a0och Evolution-kort! Det h\u00e4r \u00e4r utg\u00e5van fr\u00e5n 2017.<\/p>","protected":false},"featured_media":8230,"template":"","meta":[],"product_brand":[],"product_cat":[43],"product_tag":[40,41],"class_list":{"0":"post-8229","1":"product","2":"type-product","3":"status-publish","4":"has-post-thumbnail","6":"product_cat-expansion","7":"product_tag-iello","8":"product_tag-king-of-tokyo","10":"first","11":"instock","12":"taxable","13":"shipping-taxable","14":"purchasable","15":"product-type-simple"},"_links":{"self":[{"href":"https:\/\/www.alltpaettkort.com\/en\/wp-json\/wp\/v2\/product\/8229","targetHints":{"allow":["GET"]}}],"collection":[{"href":"https:\/\/www.alltpaettkort.com\/en\/wp-json\/wp\/v2\/product"}],"about":[{"href":"https:\/\/www.alltpaettkort.com\/en\/wp-json\/wp\/v2\/types\/product"}],"wp:featuredmedia":[{"embeddable":true,"href":"https:\/\/www.alltpaettkort.com\/en\/wp-json\/wp\/v2\/media\/8230"}],"wp:attachment":[{"href":"https:\/\/www.alltpaettkort.com\/en\/wp-json\/wp\/v2\/media?parent=8229"}],"wp:term":[{"taxonomy":"product_brand","embeddable":true,"href":"https:\/\/www.alltpaettkort.com\/en\/wp-json\/wp\/v2\/product_brand?post=8229"},{"taxonomy":"product_cat","embeddable":true,"href":"https:\/\/www.alltpaettkort.com\/en\/wp-json\/wp\/v2\/product_cat?post=8229"},{"taxonomy":"product_tag","embeddable":true,"href":"https:\/\/www.alltpaettkort.com\/en\/wp-json\/wp\/v2\/product_tag?post=8229"}],"curies":[{"name":"wp","href":"https:\/\/api.w.org\/{rel}","templated":true}]}}